{"id":927,"date":"2026-04-14T08:59:27","date_gmt":"2026-04-14T08:59:27","guid":{"rendered":"http:\/\/www.absalonkappel.dk\/?page_id=927"},"modified":"2026-04-14T09:01:00","modified_gmt":"2026-04-14T09:01:00","slug":"boern-og-familier","status":"publish","type":"page","link":"http:\/\/www.absalonkappel.dk\/?page_id=927","title":{"rendered":"B\u00f8rn og familier"},"content":{"rendered":"\n<p>B\u00f8rn med kronisk sygdom<\/p>\n\n\n\n<h3 class=\"wp-block-heading\">Hvordan p\u00e5virker kronisk sygdom et barn og familien?<\/h3>\n\n\n\n<p><strong>Barnet<\/strong><\/p>\n\n\n\n<ul class=\"wp-block-list\">\n<li>Oplever ofte <strong>tab af kontrol<\/strong> over egen krop og hverdag<\/li>\n\n\n\n<li>Kan udvikle <strong>angst, usikkerhed og frustration<\/strong><\/li>\n\n\n\n<li>F\u00f8ler sig anderledes end j\u00e6vnaldrende<\/li>\n\n\n\n<li>Identitetsudviklingen kan blive p\u00e5virket (\u201dhvem er jeg \u2013 syg eller rask?\u201d)<\/li>\n\n\n\n<li>Kan tage et stort ansvar tidligt (\u201dvoksenrolle\u201d)<\/li>\n\n\n\n<li>Risiko for isolation og ensomhed<\/li>\n<\/ul>\n\n\n\n<p><\/p>\n","protected":false},"excerpt":{"rendered":"<p>B\u00f8rn med kronisk sygdom Hvordan p\u00e5virker kronisk sygdom et barn og familien? Barnet<\/p>\n","protected":false},"author":1,"featured_media":0,"parent":0,"menu_order":0,"comment_status":"closed","ping_status":"closed","template":"","meta":{"jetpack_post_was_ever_published":false,"footnotes":""},"class_list":["post-927","page","type-page","status-publish","hentry"],"aioseo_notices":[],"yoast_head":"<!-- This site is optimized with the Yoast SEO plugin v27.3 - https:\/\/yoast.com\/product\/yoast-seo-wordpress\/ -->\n<title>B\u00f8rn og familier -<\/title>\n<meta name=\"description\" content=\"Hvordan p\u00e5virker kronisk sygdom et barn og familien? Barnet oplever ofte tab af kontrol over egen krop og hverdagKan udvikle angst, usikkerhed og frustrationF\u00f8ler sig anderledes end j\u00e6vnaldrendeIdentitetsudviklingen kan blive p\u00e5virket (\u201dhvem er jeg \u2013 syg eller rask?\u201d)Kan tage et stort ansvar tidligt (\u201dvoksenrolle\u201d)Risiko for isolation og ensomhed.Hvordan kan jeg hj\u00e6lpe barnet og familien?Skabe tryghed og forudsigelighed i hverdagenSt\u00f8tte barnet i at opbygge en st\u00e6rk og nuanceret identitetGive plads til f\u00f8lelser \u2013 ogs\u00e5 de sv\u00e6re.Arbejde med mestring og handlemuligheder.St\u00f8tte for\u00e6ldre i deres rolle og belastningHave fokus p\u00e5 s\u00f8skendes trivsel og behov.Hj\u00e6lpe familien med at finde balance mellem sygdom og liv.Styrke kommunikation og forst\u00e5else i familienSkabe rum for h\u00e5b, mening og livskvalitet\" \/>\n<meta name=\"robots\" content=\"index, follow, max-snippet:-1, max-image-preview:large, max-video-preview:-1\" \/>\n<link rel=\"canonical\" href=\"http:\/\/www.absalonkappel.dk\/?page_id=927\" \/>\n<meta property=\"og:locale\" content=\"da_DK\" \/>\n<meta property=\"og:type\" content=\"article\" \/>\n<meta property=\"og:title\" content=\"B\u00f8rn og familier -\" \/>\n<meta property=\"og:description\" content=\"Hvordan p\u00e5virker kronisk sygdom et barn og familien? Barnet oplever ofte tab af kontrol over egen krop og hverdagKan udvikle angst, usikkerhed og frustrationF\u00f8ler sig anderledes end j\u00e6vnaldrendeIdentitetsudviklingen kan blive p\u00e5virket (\u201dhvem er jeg \u2013 syg eller rask?\u201d)Kan tage et stort ansvar tidligt (\u201dvoksenrolle\u201d)Risiko for isolation og ensomhed.Hvordan kan jeg hj\u00e6lpe barnet og familien?Skabe tryghed og forudsigelighed i hverdagenSt\u00f8tte barnet i at opbygge en st\u00e6rk og nuanceret identitetGive plads til f\u00f8lelser \u2013 ogs\u00e5 de sv\u00e6re.Arbejde med mestring og handlemuligheder.St\u00f8tte for\u00e6ldre i deres rolle og belastningHave fokus p\u00e5 s\u00f8skendes trivsel og behov.Hj\u00e6lpe familien med at finde balance mellem sygdom og liv.Styrke kommunikation og forst\u00e5else i familienSkabe rum for h\u00e5b, mening og livskvalitet\" \/>\n<meta property=\"og:url\" content=\"http:\/\/www.absalonkappel.dk\/?page_id=927\" \/>\n<meta property=\"article:modified_time\" content=\"2026-04-14T09:01:00+00:00\" \/>\n<meta name=\"twitter:label1\" content=\"Estimeret l\u00e6setid\" \/>\n\t<meta name=\"twitter:data1\" content=\"1 minut\" \/>\n<script type=\"application\/ld+json\" class=\"yoast-schema-graph\">{\"@context\":\"https:\\\/\\\/schema.org\",\"@graph\":[{\"@type\":\"WebPage\",\"@id\":\"http:\\\/\\\/www.absalonkappel.dk\\\/?page_id=927\",\"url\":\"http:\\\/\\\/www.absalonkappel.dk\\\/?page_id=927\",\"name\":\"B\u00f8rn og familier -\",\"isPartOf\":{\"@id\":\"http:\\\/\\\/www.absalonkappel.dk\\\/#website\"},\"datePublished\":\"2026-04-14T08:59:27+00:00\",\"dateModified\":\"2026-04-14T09:01:00+00:00\",\"description\":\"Hvordan p\u00e5virker kronisk sygdom et barn og familien? Barnet oplever ofte tab af kontrol over egen krop og hverdagKan udvikle angst, usikkerhed og frustrationF\u00f8ler sig anderledes end j\u00e6vnaldrendeIdentitetsudviklingen kan blive p\u00e5virket (\u201dhvem er jeg \u2013 syg eller rask?\u201d)Kan tage et stort ansvar tidligt (\u201dvoksenrolle\u201d)Risiko for isolation og ensomhed.Hvordan kan jeg hj\u00e6lpe barnet og familien?Skabe tryghed og forudsigelighed i hverdagenSt\u00f8tte barnet i at opbygge en st\u00e6rk og nuanceret identitetGive plads til f\u00f8lelser \u2013 ogs\u00e5 de sv\u00e6re.Arbejde med mestring og handlemuligheder.St\u00f8tte for\u00e6ldre i deres rolle og belastningHave fokus p\u00e5 s\u00f8skendes trivsel og behov.Hj\u00e6lpe familien med at finde balance mellem sygdom og liv.Styrke kommunikation og forst\u00e5else i familienSkabe rum for h\u00e5b, mening og livskvalitet\",\"breadcrumb\":{\"@id\":\"http:\\\/\\\/www.absalonkappel.dk\\\/?page_id=927#breadcrumb\"},\"inLanguage\":\"da-DK\",\"potentialAction\":[{\"@type\":\"ReadAction\",\"target\":[\"http:\\\/\\\/www.absalonkappel.dk\\\/?page_id=927\"]}]},{\"@type\":\"BreadcrumbList\",\"@id\":\"http:\\\/\\\/www.absalonkappel.dk\\\/?page_id=927#breadcrumb\",\"itemListElement\":[{\"@type\":\"ListItem\",\"position\":1,\"name\":\"Home\",\"item\":\"http:\\\/\\\/www.absalonkappel.dk\\\/\"},{\"@type\":\"ListItem\",\"position\":2,\"name\":\"B\u00f8rn og familier\"}]},{\"@type\":\"WebSite\",\"@id\":\"http:\\\/\\\/www.absalonkappel.dk\\\/#website\",\"url\":\"http:\\\/\\\/www.absalonkappel.dk\\\/\",\"name\":\"http:\\\/\\\/www.absalonkappel.dk\",\"description\":\"\",\"potentialAction\":[{\"@type\":\"SearchAction\",\"target\":{\"@type\":\"EntryPoint\",\"urlTemplate\":\"http:\\\/\\\/www.absalonkappel.dk\\\/?s={search_term_string}\"},\"query-input\":{\"@type\":\"PropertyValueSpecification\",\"valueRequired\":true,\"valueName\":\"search_term_string\"}}],\"inLanguage\":\"da-DK\"}]}<\/script>\n<!-- \/ Yoast SEO plugin. -->","yoast_head_json":{"title":"B\u00f8rn og familier -","description":"Hvordan p\u00e5virker kronisk sygdom et barn og familien? Barnet oplever ofte tab af kontrol over egen krop og hverdagKan udvikle angst, usikkerhed og frustrationF\u00f8ler sig anderledes end j\u00e6vnaldrendeIdentitetsudviklingen kan blive p\u00e5virket (\u201dhvem er jeg \u2013 syg eller rask?\u201d)Kan tage et stort ansvar tidligt (\u201dvoksenrolle\u201d)Risiko for isolation og ensomhed.Hvordan kan jeg hj\u00e6lpe barnet og familien?Skabe tryghed og forudsigelighed i hverdagenSt\u00f8tte barnet i at opbygge en st\u00e6rk og nuanceret identitetGive plads til f\u00f8lelser \u2013 ogs\u00e5 de sv\u00e6re.Arbejde med mestring og handlemuligheder.St\u00f8tte for\u00e6ldre i deres rolle og belastningHave fokus p\u00e5 s\u00f8skendes trivsel og behov.Hj\u00e6lpe familien med at finde balance mellem sygdom og liv.Styrke kommunikation og forst\u00e5else i familienSkabe rum for h\u00e5b, mening og livskvalitet","robots":{"index":"index","follow":"follow","max-snippet":"max-snippet:-1","max-image-preview":"max-image-preview:large","max-video-preview":"max-video-preview:-1"},"canonical":"http:\/\/www.absalonkappel.dk\/?page_id=927","og_locale":"da_DK","og_type":"article","og_title":"B\u00f8rn og familier -","og_description":"Hvordan p\u00e5virker kronisk sygdom et barn og familien? Barnet oplever ofte tab af kontrol over egen krop og hverdagKan udvikle angst, usikkerhed og frustrationF\u00f8ler sig anderledes end j\u00e6vnaldrendeIdentitetsudviklingen kan blive p\u00e5virket (\u201dhvem er jeg \u2013 syg eller rask?\u201d)Kan tage et stort ansvar tidligt (\u201dvoksenrolle\u201d)Risiko for isolation og ensomhed.Hvordan kan jeg hj\u00e6lpe barnet og familien?Skabe tryghed og forudsigelighed i hverdagenSt\u00f8tte barnet i at opbygge en st\u00e6rk og nuanceret identitetGive plads til f\u00f8lelser \u2013 ogs\u00e5 de sv\u00e6re.Arbejde med mestring og handlemuligheder.St\u00f8tte for\u00e6ldre i deres rolle og belastningHave fokus p\u00e5 s\u00f8skendes trivsel og behov.Hj\u00e6lpe familien med at finde balance mellem sygdom og liv.Styrke kommunikation og forst\u00e5else i familienSkabe rum for h\u00e5b, mening og livskvalitet","og_url":"http:\/\/www.absalonkappel.dk\/?page_id=927","article_modified_time":"2026-04-14T09:01:00+00:00","twitter_misc":{"Estimeret l\u00e6setid":"1 minut"},"schema":{"@context":"https:\/\/schema.org","@graph":[{"@type":"WebPage","@id":"http:\/\/www.absalonkappel.dk\/?page_id=927","url":"http:\/\/www.absalonkappel.dk\/?page_id=927","name":"B\u00f8rn og familier -","isPartOf":{"@id":"http:\/\/www.absalonkappel.dk\/#website"},"datePublished":"2026-04-14T08:59:27+00:00","dateModified":"2026-04-14T09:01:00+00:00","description":"Hvordan p\u00e5virker kronisk sygdom et barn og familien? Barnet oplever ofte tab af kontrol over egen krop og hverdagKan udvikle angst, usikkerhed og frustrationF\u00f8ler sig anderledes end j\u00e6vnaldrendeIdentitetsudviklingen kan blive p\u00e5virket (\u201dhvem er jeg \u2013 syg eller rask?\u201d)Kan tage et stort ansvar tidligt (\u201dvoksenrolle\u201d)Risiko for isolation og ensomhed.Hvordan kan jeg hj\u00e6lpe barnet og familien?Skabe tryghed og forudsigelighed i hverdagenSt\u00f8tte barnet i at opbygge en st\u00e6rk og nuanceret identitetGive plads til f\u00f8lelser \u2013 ogs\u00e5 de sv\u00e6re.Arbejde med mestring og handlemuligheder.St\u00f8tte for\u00e6ldre i deres rolle og belastningHave fokus p\u00e5 s\u00f8skendes trivsel og behov.Hj\u00e6lpe familien med at finde balance mellem sygdom og liv.Styrke kommunikation og forst\u00e5else i familienSkabe rum for h\u00e5b, mening og livskvalitet","breadcrumb":{"@id":"http:\/\/www.absalonkappel.dk\/?page_id=927#breadcrumb"},"inLanguage":"da-DK","potentialAction":[{"@type":"ReadAction","target":["http:\/\/www.absalonkappel.dk\/?page_id=927"]}]},{"@type":"BreadcrumbList","@id":"http:\/\/www.absalonkappel.dk\/?page_id=927#breadcrumb","itemListElement":[{"@type":"ListItem","position":1,"name":"Home","item":"http:\/\/www.absalonkappel.dk\/"},{"@type":"ListItem","position":2,"name":"B\u00f8rn og familier"}]},{"@type":"WebSite","@id":"http:\/\/www.absalonkappel.dk\/#website","url":"http:\/\/www.absalonkappel.dk\/","name":"http:\/\/www.absalonkappel.dk","description":"","potentialAction":[{"@type":"SearchAction","target":{"@type":"EntryPoint","urlTemplate":"http:\/\/www.absalonkappel.dk\/?s={search_term_string}"},"query-input":{"@type":"PropertyValueSpecification","valueRequired":true,"valueName":"search_term_string"}}],"inLanguage":"da-DK"}]}},"jetpack_sharing_enabled":true,"jetpack_shortlink":"https:\/\/wp.me\/P2ViD8-eX","_links":{"self":[{"href":"http:\/\/www.absalonkappel.dk\/index.php?rest_route=\/wp\/v2\/pages\/927","targetHints":{"allow":["GET"]}}],"collection":[{"href":"http:\/\/www.absalonkappel.dk\/index.php?rest_route=\/wp\/v2\/pages"}],"about":[{"href":"http:\/\/www.absalonkappel.dk\/index.php?rest_route=\/wp\/v2\/types\/page"}],"author":[{"embeddable":true,"href":"http:\/\/www.absalonkappel.dk\/index.php?rest_route=\/wp\/v2\/users\/1"}],"replies":[{"embeddable":true,"href":"http:\/\/www.absalonkappel.dk\/index.php?rest_route=%2Fwp%2Fv2%2Fcomments&post=927"}],"version-history":[{"count":2,"href":"http:\/\/www.absalonkappel.dk\/index.php?rest_route=\/wp\/v2\/pages\/927\/revisions"}],"predecessor-version":[{"id":930,"href":"http:\/\/www.absalonkappel.dk\/index.php?rest_route=\/wp\/v2\/pages\/927\/revisions\/930"}],"wp:attachment":[{"href":"http:\/\/www.absalonkappel.dk\/index.php?rest_route=%2Fwp%2Fv2%2Fmedia&parent=927"}],"curies":[{"name":"wp","href":"https:\/\/api.w.org\/{rel}","templated":true}]}}