{"id":867,"date":"2025-11-17T11:33:06","date_gmt":"2025-11-17T11:33:06","guid":{"rendered":"http:\/\/www.absalonkappel.dk\/?page_id=867"},"modified":"2025-11-17T13:55:49","modified_gmt":"2025-11-17T13:55:49","slug":"hvorfor-vaelge-tankefeltsterapi-tapping","status":"publish","type":"page","link":"http:\/\/www.absalonkappel.dk\/?page_id=867","title":{"rendered":"Hvorfor v\u00e6lge tankefeltsterapi\/tapping"},"content":{"rendered":"\n<ul class=\"wp-block-list\">\n<li>Du m\u00e6rker resultat med det samme<\/li>\n\n\n\n<li>Du vil kunne lave \u00f8velserne alle steder<\/li>\n\n\n\n<li>Du f\u00e5r mulighed for opf\u00f8lgning og udvide dine metoder<\/li>\n\n\n\n<li>Du kan f\u00e5 muighed for at m\u00f8de andre f\u00e6llesskaber<\/li>\n<\/ul>\n\n\n\n<p>Hvordan foreg\u00e5r det<\/p>\n\n\n\n<p>F\u00f8r: vi indleder med en samtale hvor vi forventningsafstemmer<\/p>\n\n\n\n<p>Alle b\u00f8rn\/unge m\u00e5 deltage alene med samtykke fra for\u00e6ldre\/v\u00e6rge. <\/p>\n\n\n\n<p>Man m\u00e5 ogs\u00e5 have nogen med<\/p>\n\n\n\n<p>Ved f\u00f8rste m\u00f8de har vi en samtale og indleder med \u00f8velser du kan tage med hjem <\/p>\n\n\n\n<p>Vi aftaler en opf\u00f8lgning<\/p>\n\n\n\n<p>Udover tapping, er det ogs\u00e5 muligt, at f\u00e5 en afsp\u00e6nding eller en energiterapi session sammen med.<\/p>\n\n\n\n<p><\/p>\n","protected":false},"excerpt":{"rendered":"<p>Hvordan foreg\u00e5r det F\u00f8r: vi indleder med en samtale hvor vi forventningsafstemmer Alle b\u00f8rn\/unge m\u00e5 deltage alene med samtykke fra for\u00e6ldre\/v\u00e6rge. Man m\u00e5 ogs\u00e5 have nogen med Ved f\u00f8rste m\u00f8de har vi en samtale og indleder med \u00f8velser du kan tage med hjem Vi aftaler en opf\u00f8lgning Udover tapping, er det ogs\u00e5 muligt, at f\u00e5 &hellip; <\/p>\n<p class=\"link-more\"><a href=\"http:\/\/www.absalonkappel.dk\/?page_id=867\" class=\"more-link\">L\u00e6s videre<span class=\"screen-reader-text\"> &#8220;Hvorfor v\u00e6lge tankefeltsterapi\/tapping&#8221;<\/span><\/a><\/p>\n","protected":false},"author":1,"featured_media":0,"parent":0,"menu_order":0,"comment_status":"closed","ping_status":"closed","template":"","meta":{"jetpack_post_was_ever_published":false,"footnotes":""},"class_list":["post-867","page","type-page","status-publish","hentry"],"aioseo_notices":[],"yoast_head":"<!-- This site is optimized with the Yoast SEO plugin v27.3 - https:\/\/yoast.com\/product\/yoast-seo-wordpress\/ -->\n<title>Hvorfor v\u00e6lge tankefeltsterapi\/tapping -<\/title>\n<meta name=\"description\" content=\"Hvorfor v\u00e6lge TFT:Du m\u00e6rker resultat med det samme.Du vil kunne lave \u00f8velserne alle steder.Du f\u00e5r mulighed for opf\u00f8lgning og udvide dine metoder.Du kan f\u00e5 muighed for at m\u00f8de andre f\u00e6llesskaber\" \/>\n<meta name=\"robots\" content=\"index, follow, max-snippet:-1, max-image-preview:large, max-video-preview:-1\" \/>\n<link rel=\"canonical\" href=\"http:\/\/www.absalonkappel.dk\/?page_id=867\" \/>\n<meta property=\"og:locale\" content=\"da_DK\" \/>\n<meta property=\"og:type\" content=\"article\" \/>\n<meta property=\"og:title\" content=\"Hvorfor v\u00e6lge tankefeltsterapi\/tapping -\" \/>\n<meta property=\"og:description\" content=\"Hvorfor v\u00e6lge TFT:Du m\u00e6rker resultat med det samme.Du vil kunne lave \u00f8velserne alle steder.Du f\u00e5r mulighed for opf\u00f8lgning og udvide dine metoder.Du kan f\u00e5 muighed for at m\u00f8de andre f\u00e6llesskaber\" \/>\n<meta property=\"og:url\" content=\"http:\/\/www.absalonkappel.dk\/?page_id=867\" \/>\n<meta property=\"article:modified_time\" content=\"2025-11-17T13:55:49+00:00\" \/>\n<meta name=\"twitter:label1\" content=\"Estimeret l\u00e6setid\" \/>\n\t<meta name=\"twitter:data1\" content=\"1 minut\" \/>\n<script type=\"application\/ld+json\" class=\"yoast-schema-graph\">{\"@context\":\"https:\\\/\\\/schema.org\",\"@graph\":[{\"@type\":\"WebPage\",\"@id\":\"http:\\\/\\\/www.absalonkappel.dk\\\/?page_id=867\",\"url\":\"http:\\\/\\\/www.absalonkappel.dk\\\/?page_id=867\",\"name\":\"Hvorfor v\u00e6lge tankefeltsterapi\\\/tapping -\",\"isPartOf\":{\"@id\":\"http:\\\/\\\/www.absalonkappel.dk\\\/#website\"},\"datePublished\":\"2025-11-17T11:33:06+00:00\",\"dateModified\":\"2025-11-17T13:55:49+00:00\",\"description\":\"Hvorfor v\u00e6lge TFT:Du m\u00e6rker resultat med det samme.Du vil kunne lave \u00f8velserne alle steder.Du f\u00e5r mulighed for opf\u00f8lgning og udvide dine metoder.Du kan f\u00e5 muighed for at m\u00f8de andre f\u00e6llesskaber\",\"breadcrumb\":{\"@id\":\"http:\\\/\\\/www.absalonkappel.dk\\\/?page_id=867#breadcrumb\"},\"inLanguage\":\"da-DK\",\"potentialAction\":[{\"@type\":\"ReadAction\",\"target\":[\"http:\\\/\\\/www.absalonkappel.dk\\\/?page_id=867\"]}]},{\"@type\":\"BreadcrumbList\",\"@id\":\"http:\\\/\\\/www.absalonkappel.dk\\\/?page_id=867#breadcrumb\",\"itemListElement\":[{\"@type\":\"ListItem\",\"position\":1,\"name\":\"Home\",\"item\":\"http:\\\/\\\/www.absalonkappel.dk\\\/\"},{\"@type\":\"ListItem\",\"position\":2,\"name\":\"Hvorfor v\u00e6lge tankefeltsterapi\\\/tapping\"}]},{\"@type\":\"WebSite\",\"@id\":\"http:\\\/\\\/www.absalonkappel.dk\\\/#website\",\"url\":\"http:\\\/\\\/www.absalonkappel.dk\\\/\",\"name\":\"http:\\\/\\\/www.absalonkappel.dk\",\"description\":\"\",\"potentialAction\":[{\"@type\":\"SearchAction\",\"target\":{\"@type\":\"EntryPoint\",\"urlTemplate\":\"http:\\\/\\\/www.absalonkappel.dk\\\/?s={search_term_string}\"},\"query-input\":{\"@type\":\"PropertyValueSpecification\",\"valueRequired\":true,\"valueName\":\"search_term_string\"}}],\"inLanguage\":\"da-DK\"}]}<\/script>\n<!-- \/ Yoast SEO plugin. -->","yoast_head_json":{"title":"Hvorfor v\u00e6lge tankefeltsterapi\/tapping -","description":"Hvorfor v\u00e6lge TFT:Du m\u00e6rker resultat med det samme.Du vil kunne lave \u00f8velserne alle steder.Du f\u00e5r mulighed for opf\u00f8lgning og udvide dine metoder.Du kan f\u00e5 muighed for at m\u00f8de andre f\u00e6llesskaber","robots":{"index":"index","follow":"follow","max-snippet":"max-snippet:-1","max-image-preview":"max-image-preview:large","max-video-preview":"max-video-preview:-1"},"canonical":"http:\/\/www.absalonkappel.dk\/?page_id=867","og_locale":"da_DK","og_type":"article","og_title":"Hvorfor v\u00e6lge tankefeltsterapi\/tapping -","og_description":"Hvorfor v\u00e6lge TFT:Du m\u00e6rker resultat med det samme.Du vil kunne lave \u00f8velserne alle steder.Du f\u00e5r mulighed for opf\u00f8lgning og udvide dine metoder.Du kan f\u00e5 muighed for at m\u00f8de andre f\u00e6llesskaber","og_url":"http:\/\/www.absalonkappel.dk\/?page_id=867","article_modified_time":"2025-11-17T13:55:49+00:00","twitter_misc":{"Estimeret l\u00e6setid":"1 minut"},"schema":{"@context":"https:\/\/schema.org","@graph":[{"@type":"WebPage","@id":"http:\/\/www.absalonkappel.dk\/?page_id=867","url":"http:\/\/www.absalonkappel.dk\/?page_id=867","name":"Hvorfor v\u00e6lge tankefeltsterapi\/tapping -","isPartOf":{"@id":"http:\/\/www.absalonkappel.dk\/#website"},"datePublished":"2025-11-17T11:33:06+00:00","dateModified":"2025-11-17T13:55:49+00:00","description":"Hvorfor v\u00e6lge TFT:Du m\u00e6rker resultat med det samme.Du vil kunne lave \u00f8velserne alle steder.Du f\u00e5r mulighed for opf\u00f8lgning og udvide dine metoder.Du kan f\u00e5 muighed for at m\u00f8de andre f\u00e6llesskaber","breadcrumb":{"@id":"http:\/\/www.absalonkappel.dk\/?page_id=867#breadcrumb"},"inLanguage":"da-DK","potentialAction":[{"@type":"ReadAction","target":["http:\/\/www.absalonkappel.dk\/?page_id=867"]}]},{"@type":"BreadcrumbList","@id":"http:\/\/www.absalonkappel.dk\/?page_id=867#breadcrumb","itemListElement":[{"@type":"ListItem","position":1,"name":"Home","item":"http:\/\/www.absalonkappel.dk\/"},{"@type":"ListItem","position":2,"name":"Hvorfor v\u00e6lge tankefeltsterapi\/tapping"}]},{"@type":"WebSite","@id":"http:\/\/www.absalonkappel.dk\/#website","url":"http:\/\/www.absalonkappel.dk\/","name":"http:\/\/www.absalonkappel.dk","description":"","potentialAction":[{"@type":"SearchAction","target":{"@type":"EntryPoint","urlTemplate":"http:\/\/www.absalonkappel.dk\/?s={search_term_string}"},"query-input":{"@type":"PropertyValueSpecification","valueRequired":true,"valueName":"search_term_string"}}],"inLanguage":"da-DK"}]}},"jetpack_sharing_enabled":true,"jetpack_shortlink":"https:\/\/wp.me\/P2ViD8-dZ","_links":{"self":[{"href":"http:\/\/www.absalonkappel.dk\/index.php?rest_route=\/wp\/v2\/pages\/867","targetHints":{"allow":["GET"]}}],"collection":[{"href":"http:\/\/www.absalonkappel.dk\/index.php?rest_route=\/wp\/v2\/pages"}],"about":[{"href":"http:\/\/www.absalonkappel.dk\/index.php?rest_route=\/wp\/v2\/types\/page"}],"author":[{"embeddable":true,"href":"http:\/\/www.absalonkappel.dk\/index.php?rest_route=\/wp\/v2\/users\/1"}],"replies":[{"embeddable":true,"href":"http:\/\/www.absalonkappel.dk\/index.php?rest_route=%2Fwp%2Fv2%2Fcomments&post=867"}],"version-history":[{"count":2,"href":"http:\/\/www.absalonkappel.dk\/index.php?rest_route=\/wp\/v2\/pages\/867\/revisions"}],"predecessor-version":[{"id":873,"href":"http:\/\/www.absalonkappel.dk\/index.php?rest_route=\/wp\/v2\/pages\/867\/revisions\/873"}],"wp:attachment":[{"href":"http:\/\/www.absalonkappel.dk\/index.php?rest_route=%2Fwp%2Fv2%2Fmedia&parent=867"}],"curies":[{"name":"wp","href":"https:\/\/api.w.org\/{rel}","templated":true}]}}