{"id":864,"date":"2025-11-17T11:31:16","date_gmt":"2025-11-17T11:31:16","guid":{"rendered":"http:\/\/www.absalonkappel.dk\/?page_id=864"},"modified":"2025-11-17T13:41:20","modified_gmt":"2025-11-17T13:41:20","slug":"tft-for-boern-og-unge","status":"publish","type":"page","link":"http:\/\/www.absalonkappel.dk\/?page_id=864","title":{"rendered":"TFT for b\u00f8rn og unge"},"content":{"rendered":"\n<p>For b\u00f8rn:<\/p>\n\n\n\n<ul class=\"wp-block-list\">\n<li>Angst &amp; frygt: Hj\u00e6lp til fobier, generaliseret angst, mavepine ved angst (fx opkast), samt eksamens- og pr\u00e6stationsangst.<\/li>\n\n\n\n<li>Stress &amp; uro: Mindsker nerv\u00f8sitet, s\u00f8vnproblemer og koncentrationsbesv\u00e6r.<\/li>\n\n\n\n<li>Traumer: Bearbejdning af sv\u00e6re oplevelser og traumer.<\/li>\n\n\n\n<li>Selvv\u00e6rd: Styrker selvtillid og reducerer f\u00f8lelsen af \u201djeg er ikke god nok\u201d.<\/li>\n\n\n\n<li>Vrede &amp; bekymring: D\u00e6mper vredesudbrud og overdreven bekymring.<\/li>\n<\/ul>\n\n\n\n<p>For for\u00e6ldre (via EFT\/EFST):<\/p>\n\n\n\n<ul class=\"wp-block-list\">\n<li>Forst\u00e5else: Dybere indsigt i b\u00e5de egne og barnets f\u00f8lelser.<\/li>\n\n\n\n<li>St\u00e6rkere relation: Bedre kommunikation, mere tillid og n\u00e6rv\u00e6r.<\/li>\n\n\n\n<li>Konkrete v\u00e6rkt\u00f8jer: Effektive metoder til konflikth\u00e5ndtering med ro og empati.<\/li>\n\n\n\n<li>Tryghed &amp; styrke: \u00d8ger for\u00e6ldrenes tro p\u00e5 egen evne til at st\u00f8tte barnet.<\/li>\n<\/ul>\n\n\n\n<p>Hvordan det virker:<\/p>\n\n\n\n<ul class=\"wp-block-list\">\n<li>EFT: Let bankning p\u00e5 meridianpunkter kombineret med fokus p\u00e5 f\u00f8lelsesm\u00e6ssige udfordringer.<\/li>\n\n\n\n<li>EFST: Tr\u00e6ner for\u00e6ldre i f\u00f8lelsesregulering, validering og at skabe tryg kontakt.<\/li>\n\n\n\n<li>Resultatet: L\u00f8ser f\u00f8lelsesm\u00e6ssige blokeringer og skaber mere ro, overskud og positive f\u00f8lelser hos barnet.<\/li>\n<\/ul>\n\n\n\n<figure class=\"wp-block-gallery has-nested-images columns-default is-cropped wp-block-gallery-1 is-layout-flex wp-block-gallery-is-layout-flex\">\n<figure class=\"wp-block-image size-large\"><a href=\"http:\/\/www.absalonkappel.dk\/wp-content\/uploads\/2025\/11\/istockphoto-1032141480-612x612-1.jpg\"><img loading=\"lazy\" decoding=\"async\" width=\"612\" height=\"412\" data-id=\"874\" src=\"http:\/\/www.absalonkappel.dk\/wp-content\/uploads\/2025\/11\/istockphoto-1032141480-612x612-1.jpg\" alt=\"\" class=\"wp-image-874\" srcset=\"http:\/\/www.absalonkappel.dk\/wp-content\/uploads\/2025\/11\/istockphoto-1032141480-612x612-1.jpg 612w, http:\/\/www.absalonkappel.dk\/wp-content\/uploads\/2025\/11\/istockphoto-1032141480-612x612-1-300x202.jpg 300w\" sizes=\"auto, (max-width: 612px) 100vw, 612px\" \/><\/a><\/figure>\n<\/figure>\n","protected":false},"excerpt":{"rendered":"<p>For b\u00f8rn: For for\u00e6ldre (via EFT\/EFST): Hvordan det virker:<\/p>\n","protected":false},"author":1,"featured_media":0,"parent":0,"menu_order":0,"comment_status":"closed","ping_status":"closed","template":"","meta":{"jetpack_post_was_ever_published":false,"footnotes":""},"class_list":["post-864","page","type-page","status-publish","hentry"],"aioseo_notices":[],"yoast_head":"<!-- This site is optimized with the Yoast SEO plugin v27.3 - https:\/\/yoast.com\/product\/yoast-seo-wordpress\/ -->\n<title>TFT for b\u00f8rn og unge -<\/title>\n<meta name=\"description\" content=\"For b\u00f8rn:Angst &amp; frygt: Hj\u00e6lp til fobier, generaliseret angst, mavepine ved angst (fx opkast), samt eksamens- og pr\u00e6stationsangst.Stress &amp; uro: Mindsker nerv\u00f8sitet, s\u00f8vnproblemer og koncentrationsbesv\u00e6r.Traumer: Bearbejdning af sv\u00e6re oplevelser og traumer.Selvv\u00e6rd: Styrker selvtillid og reducerer f\u00f8lelsen af \u201djeg er ikke god nok\u201d.Vrede &amp; bekymring: D\u00e6mper vredesudbrud og overdreven bekymring.\" \/>\n<meta name=\"robots\" content=\"index, follow, max-snippet:-1, max-image-preview:large, max-video-preview:-1\" \/>\n<link rel=\"canonical\" href=\"http:\/\/www.absalonkappel.dk\/?page_id=864\" \/>\n<meta property=\"og:locale\" content=\"da_DK\" \/>\n<meta property=\"og:type\" content=\"article\" \/>\n<meta property=\"og:title\" content=\"TFT for b\u00f8rn og unge -\" \/>\n<meta property=\"og:description\" content=\"For b\u00f8rn:Angst &amp; frygt: Hj\u00e6lp til fobier, generaliseret angst, mavepine ved angst (fx opkast), samt eksamens- og pr\u00e6stationsangst.Stress &amp; uro: Mindsker nerv\u00f8sitet, s\u00f8vnproblemer og koncentrationsbesv\u00e6r.Traumer: Bearbejdning af sv\u00e6re oplevelser og traumer.Selvv\u00e6rd: Styrker selvtillid og reducerer f\u00f8lelsen af \u201djeg er ikke god nok\u201d.Vrede &amp; bekymring: D\u00e6mper vredesudbrud og overdreven bekymring.\" \/>\n<meta property=\"og:url\" content=\"http:\/\/www.absalonkappel.dk\/?page_id=864\" \/>\n<meta property=\"article:modified_time\" content=\"2025-11-17T13:41:20+00:00\" \/>\n<meta property=\"og:image\" content=\"http:\/\/www.absalonkappel.dk\/wp-content\/uploads\/2025\/11\/istockphoto-1032141480-612x612-1.jpg\" \/>\n\t<meta property=\"og:image:width\" content=\"612\" \/>\n\t<meta property=\"og:image:height\" content=\"412\" \/>\n\t<meta property=\"og:image:type\" content=\"image\/jpeg\" \/>\n<meta name=\"twitter:label1\" content=\"Estimeret l\u00e6setid\" \/>\n\t<meta name=\"twitter:data1\" content=\"1 minut\" \/>\n<script type=\"application\/ld+json\" class=\"yoast-schema-graph\">{\"@context\":\"https:\\\/\\\/schema.org\",\"@graph\":[{\"@type\":\"WebPage\",\"@id\":\"http:\\\/\\\/www.absalonkappel.dk\\\/?page_id=864\",\"url\":\"http:\\\/\\\/www.absalonkappel.dk\\\/?page_id=864\",\"name\":\"TFT for b\u00f8rn og unge -\",\"isPartOf\":{\"@id\":\"http:\\\/\\\/www.absalonkappel.dk\\\/#website\"},\"primaryImageOfPage\":{\"@id\":\"http:\\\/\\\/www.absalonkappel.dk\\\/?page_id=864#primaryimage\"},\"image\":{\"@id\":\"http:\\\/\\\/www.absalonkappel.dk\\\/?page_id=864#primaryimage\"},\"thumbnailUrl\":\"http:\\\/\\\/www.absalonkappel.dk\\\/wp-content\\\/uploads\\\/2025\\\/11\\\/istockphoto-1032141480-612x612-1.jpg\",\"datePublished\":\"2025-11-17T11:31:16+00:00\",\"dateModified\":\"2025-11-17T13:41:20+00:00\",\"description\":\"For b\u00f8rn:Angst & frygt: Hj\u00e6lp til fobier, generaliseret angst, mavepine ved angst (fx opkast), samt eksamens- og pr\u00e6stationsangst.Stress & uro: Mindsker nerv\u00f8sitet, s\u00f8vnproblemer og koncentrationsbesv\u00e6r.Traumer: Bearbejdning af sv\u00e6re oplevelser og traumer.Selvv\u00e6rd: Styrker selvtillid og reducerer f\u00f8lelsen af \u201djeg er ikke god nok\u201d.Vrede & bekymring: D\u00e6mper vredesudbrud og overdreven bekymring.\",\"breadcrumb\":{\"@id\":\"http:\\\/\\\/www.absalonkappel.dk\\\/?page_id=864#breadcrumb\"},\"inLanguage\":\"da-DK\",\"potentialAction\":[{\"@type\":\"ReadAction\",\"target\":[\"http:\\\/\\\/www.absalonkappel.dk\\\/?page_id=864\"]}]},{\"@type\":\"ImageObject\",\"inLanguage\":\"da-DK\",\"@id\":\"http:\\\/\\\/www.absalonkappel.dk\\\/?page_id=864#primaryimage\",\"url\":\"http:\\\/\\\/www.absalonkappel.dk\\\/wp-content\\\/uploads\\\/2025\\\/11\\\/istockphoto-1032141480-612x612-1.jpg\",\"contentUrl\":\"http:\\\/\\\/www.absalonkappel.dk\\\/wp-content\\\/uploads\\\/2025\\\/11\\\/istockphoto-1032141480-612x612-1.jpg\",\"width\":612,\"height\":412,\"caption\":\"Young woman having fun with kids doing yoga. Family sport concept\"},{\"@type\":\"BreadcrumbList\",\"@id\":\"http:\\\/\\\/www.absalonkappel.dk\\\/?page_id=864#breadcrumb\",\"itemListElement\":[{\"@type\":\"ListItem\",\"position\":1,\"name\":\"Home\",\"item\":\"http:\\\/\\\/www.absalonkappel.dk\\\/\"},{\"@type\":\"ListItem\",\"position\":2,\"name\":\"TFT for b\u00f8rn og unge\"}]},{\"@type\":\"WebSite\",\"@id\":\"http:\\\/\\\/www.absalonkappel.dk\\\/#website\",\"url\":\"http:\\\/\\\/www.absalonkappel.dk\\\/\",\"name\":\"http:\\\/\\\/www.absalonkappel.dk\",\"description\":\"\",\"potentialAction\":[{\"@type\":\"SearchAction\",\"target\":{\"@type\":\"EntryPoint\",\"urlTemplate\":\"http:\\\/\\\/www.absalonkappel.dk\\\/?s={search_term_string}\"},\"query-input\":{\"@type\":\"PropertyValueSpecification\",\"valueRequired\":true,\"valueName\":\"search_term_string\"}}],\"inLanguage\":\"da-DK\"}]}<\/script>\n<!-- \/ Yoast SEO plugin. -->","yoast_head_json":{"title":"TFT for b\u00f8rn og unge -","description":"For b\u00f8rn:Angst & frygt: Hj\u00e6lp til fobier, generaliseret angst, mavepine ved angst (fx opkast), samt eksamens- og pr\u00e6stationsangst.Stress & uro: Mindsker nerv\u00f8sitet, s\u00f8vnproblemer og koncentrationsbesv\u00e6r.Traumer: Bearbejdning af sv\u00e6re oplevelser og traumer.Selvv\u00e6rd: Styrker selvtillid og reducerer f\u00f8lelsen af \u201djeg er ikke god nok\u201d.Vrede & bekymring: D\u00e6mper vredesudbrud og overdreven bekymring.","robots":{"index":"index","follow":"follow","max-snippet":"max-snippet:-1","max-image-preview":"max-image-preview:large","max-video-preview":"max-video-preview:-1"},"canonical":"http:\/\/www.absalonkappel.dk\/?page_id=864","og_locale":"da_DK","og_type":"article","og_title":"TFT for b\u00f8rn og unge -","og_description":"For b\u00f8rn:Angst & frygt: Hj\u00e6lp til fobier, generaliseret angst, mavepine ved angst (fx opkast), samt eksamens- og pr\u00e6stationsangst.Stress & uro: Mindsker nerv\u00f8sitet, s\u00f8vnproblemer og koncentrationsbesv\u00e6r.Traumer: Bearbejdning af sv\u00e6re oplevelser og traumer.Selvv\u00e6rd: Styrker selvtillid og reducerer f\u00f8lelsen af \u201djeg er ikke god nok\u201d.Vrede & bekymring: D\u00e6mper vredesudbrud og overdreven bekymring.","og_url":"http:\/\/www.absalonkappel.dk\/?page_id=864","article_modified_time":"2025-11-17T13:41:20+00:00","og_image":[{"width":612,"height":412,"url":"http:\/\/www.absalonkappel.dk\/wp-content\/uploads\/2025\/11\/istockphoto-1032141480-612x612-1.jpg","type":"image\/jpeg"}],"twitter_misc":{"Estimeret l\u00e6setid":"1 minut"},"schema":{"@context":"https:\/\/schema.org","@graph":[{"@type":"WebPage","@id":"http:\/\/www.absalonkappel.dk\/?page_id=864","url":"http:\/\/www.absalonkappel.dk\/?page_id=864","name":"TFT for b\u00f8rn og unge -","isPartOf":{"@id":"http:\/\/www.absalonkappel.dk\/#website"},"primaryImageOfPage":{"@id":"http:\/\/www.absalonkappel.dk\/?page_id=864#primaryimage"},"image":{"@id":"http:\/\/www.absalonkappel.dk\/?page_id=864#primaryimage"},"thumbnailUrl":"http:\/\/www.absalonkappel.dk\/wp-content\/uploads\/2025\/11\/istockphoto-1032141480-612x612-1.jpg","datePublished":"2025-11-17T11:31:16+00:00","dateModified":"2025-11-17T13:41:20+00:00","description":"For b\u00f8rn:Angst & frygt: Hj\u00e6lp til fobier, generaliseret angst, mavepine ved angst (fx opkast), samt eksamens- og pr\u00e6stationsangst.Stress & uro: Mindsker nerv\u00f8sitet, s\u00f8vnproblemer og koncentrationsbesv\u00e6r.Traumer: Bearbejdning af sv\u00e6re oplevelser og traumer.Selvv\u00e6rd: Styrker selvtillid og reducerer f\u00f8lelsen af \u201djeg er ikke god nok\u201d.Vrede & bekymring: D\u00e6mper vredesudbrud og overdreven bekymring.","breadcrumb":{"@id":"http:\/\/www.absalonkappel.dk\/?page_id=864#breadcrumb"},"inLanguage":"da-DK","potentialAction":[{"@type":"ReadAction","target":["http:\/\/www.absalonkappel.dk\/?page_id=864"]}]},{"@type":"ImageObject","inLanguage":"da-DK","@id":"http:\/\/www.absalonkappel.dk\/?page_id=864#primaryimage","url":"http:\/\/www.absalonkappel.dk\/wp-content\/uploads\/2025\/11\/istockphoto-1032141480-612x612-1.jpg","contentUrl":"http:\/\/www.absalonkappel.dk\/wp-content\/uploads\/2025\/11\/istockphoto-1032141480-612x612-1.jpg","width":612,"height":412,"caption":"Young woman having fun with kids doing yoga. Family sport concept"},{"@type":"BreadcrumbList","@id":"http:\/\/www.absalonkappel.dk\/?page_id=864#breadcrumb","itemListElement":[{"@type":"ListItem","position":1,"name":"Home","item":"http:\/\/www.absalonkappel.dk\/"},{"@type":"ListItem","position":2,"name":"TFT for b\u00f8rn og unge"}]},{"@type":"WebSite","@id":"http:\/\/www.absalonkappel.dk\/#website","url":"http:\/\/www.absalonkappel.dk\/","name":"http:\/\/www.absalonkappel.dk","description":"","potentialAction":[{"@type":"SearchAction","target":{"@type":"EntryPoint","urlTemplate":"http:\/\/www.absalonkappel.dk\/?s={search_term_string}"},"query-input":{"@type":"PropertyValueSpecification","valueRequired":true,"valueName":"search_term_string"}}],"inLanguage":"da-DK"}]}},"jetpack_sharing_enabled":true,"jetpack_shortlink":"https:\/\/wp.me\/P2ViD8-dW","_links":{"self":[{"href":"http:\/\/www.absalonkappel.dk\/index.php?rest_route=\/wp\/v2\/pages\/864","targetHints":{"allow":["GET"]}}],"collection":[{"href":"http:\/\/www.absalonkappel.dk\/index.php?rest_route=\/wp\/v2\/pages"}],"about":[{"href":"http:\/\/www.absalonkappel.dk\/index.php?rest_route=\/wp\/v2\/types\/page"}],"author":[{"embeddable":true,"href":"http:\/\/www.absalonkappel.dk\/index.php?rest_route=\/wp\/v2\/users\/1"}],"replies":[{"embeddable":true,"href":"http:\/\/www.absalonkappel.dk\/index.php?rest_route=%2Fwp%2Fv2%2Fcomments&post=864"}],"version-history":[{"count":3,"href":"http:\/\/www.absalonkappel.dk\/index.php?rest_route=\/wp\/v2\/pages\/864\/revisions"}],"predecessor-version":[{"id":876,"href":"http:\/\/www.absalonkappel.dk\/index.php?rest_route=\/wp\/v2\/pages\/864\/revisions\/876"}],"wp:attachment":[{"href":"http:\/\/www.absalonkappel.dk\/index.php?rest_route=%2Fwp%2Fv2%2Fmedia&parent=864"}],"curies":[{"name":"wp","href":"https:\/\/api.w.org\/{rel}","templated":true}]}}