{"id":846,"date":"2024-07-10T08:30:34","date_gmt":"2024-07-10T08:30:34","guid":{"rendered":"http:\/\/www.absalonkappel.dk\/?page_id=846"},"modified":"2026-03-31T15:04:02","modified_gmt":"2026-03-31T15:04:02","slug":"hvad-kan-coaching-goere-for-dig","status":"publish","type":"page","link":"http:\/\/www.absalonkappel.dk\/?page_id=846","title":{"rendered":"Hvad kan coaching g\u00f8re for dig, som lever med kronisk sygdom eller smerte?"},"content":{"rendered":"\n<p>1 , 5 time p\u00e5 tlf.: 650 kr.<\/p>\n\n\n\n<p>1,5 time p\u00e5 video: 650 kr.<\/p>\n\n\n\n<p>1,5 time i m\u00f8delokale: 800 kr.<\/p>\n\n\n\n<p>Priser for foredrag og workshops ses under dette<\/p>\n\n\n\n<p>Coaching kan v\u00e6re en v\u00e6rdifuld ressource for mennesker, der lever med kronisk sygdom eller smerte p\u00e5 flere m\u00e5der:<\/p>\n\n\n\n<p>1. Personlig support<\/p>\n\n\n\n<p>&nbsp;&#8211; Coaches kan yde individualiseret st\u00f8tte, der er skr\u00e6ddersyet til de specifikke behov, m\u00e5l og omst\u00e6ndigheder hos den person, der lever med kronisk sygdom eller smerte. Denne personlige tilgang hj\u00e6lper med at l\u00f8se unikke udfordringer effektivt.<\/p>\n\n\n\n<p>2. M\u00e5ls\u00e6tning og opn\u00e5else<\/p>\n\n\n\n<p>&nbsp;&#8211; Coaches hj\u00e6lper enkeltpersoner med at s\u00e6tte realistiske og opn\u00e5elige m\u00e5l relateret til sundhed, livsstil og personlig udvikling. De hj\u00e6lper med at nedbryde disse m\u00e5l i h\u00e5ndterbare trin og giver motivation og ansvarlighed til at n\u00e5 dem.<\/p>\n\n\n\n<p>3. F\u00f8lelsesm\u00e6ssig st\u00f8tte og stressh\u00e5ndtering<\/p>\n\n\n\n<p>&nbsp;&#8211; Kronisk sygdom og smerte kan f\u00f8re til f\u00f8lelsesm\u00e6ssig ustabilitet og psykiske udfordringer. Coaches tilbyder et st\u00f8ttende og ikke-d\u00f8mmende rum til at udtrykke f\u00f8lelser og udvikle strategier til at h\u00e5ndtere stress, angst og depression.<\/p>\n\n\n\n<p>4. Uddannelse og ressourcer<\/p>\n\n\n\n<p>&nbsp;&#8211; Coaches har ofte adgang til et v\u00e6ld af informationer og ressourcer, som kan gavne enkeltpersoner, der h\u00e5ndterer kroniske lidelser. De kan vejlede i coping og henvise til videre vejledning&nbsp; og selvhj\u00e6lpstenikker.<\/p>\n\n\n\n<p>5. Forbedret Livskvalitet og tag kontrollen tilbage<\/p>\n\n\n\n<p>&nbsp;&#8211; Coaching giver individer mulighed for at tage en aktiv rolle i at h\u00e5ndtere deres helbred. Dette boost i selveffektivitet kan f\u00f8re til bedre overholdelse af behandlingsplaner, sundere livsstilsvalg og en mere proaktiv tilgang til sundhed og velv\u00e6re.<\/p>\n\n\n\n<p>6. Adf\u00e6rds\u00e6ndringer<\/p>\n\n\n\n<p>&nbsp;&#8211; Coaches hj\u00e6lper klienter med at identificere og \u00e6ndre adf\u00e6rd, der kan have en negativ indvirkning p\u00e5 deres helbred. Dette kunne omfatte udvikling af bedre spisevaner, \u00f8get fysisk aktivitet, forbedring af s\u00f8vnm\u00f8nstre og h\u00e5ndtering af medicinoverholdelse. Det kan ogs\u00e5 v\u00e6re, at se p\u00e5 relationer og andre elementer som ogs\u00e5 har indvirkning p\u00e5 helbreddet.<\/p>\n\n\n\n<p>7. Forbedring af kommunikationsevner<\/p>\n\n\n\n<p>&nbsp;&#8211; Effektiv kommunikation med sundhedsudbydere er afg\u00f8rende for at h\u00e5ndtere kronisk sygdom eller smerte. Coaches hj\u00e6lper patienter og klienter med at udvikle bedre kommunikationsevner, hvilket sikrer, at de kan tale for sig selv og f\u00e5 mest muligt ud af deres samarbejde med\/ i sundhedsv\u00e6senet.<\/p>\n\n\n\n<p>8. Opbygning af modstandsdygtighed og tilpasningsevne<\/p>\n\n\n\n<p>&nbsp;&#8211; At leve med kronisk sygdom eller smerte kr\u00e6ver ofte robusthed og evnen til at tilpasse sig skiftende omst\u00e6ndigheder. Coaches arbejder sammen med klienter med at opbygge disse f\u00e6rdigheder, hj\u00e6lper dem med at navigere tilbageslag og bevare et positivt syn.<\/p>\n\n\n\n<p>9. Forbedre relationer, m\u00e5l, livskvalitet og generel livslyst<\/p>\n\n\n\n<p>&nbsp;&#8211; Samlet set kan coaching bidrage til en forbedret livskvalitet ved at hj\u00e6lpe individer med at h\u00e5ndtere deres symptomer bedre, n\u00e5 personlige m\u00e5l og finde en f\u00f8lelse af form\u00e5l og tilfredsstillelse p\u00e5 trods af deres helbredsm\u00e6ssige udfordringer.<\/p>\n","protected":false},"excerpt":{"rendered":"<p>1 , 5 time p\u00e5 tlf.: 650 kr. 1,5 time p\u00e5 video: 650 kr. 1,5 time i m\u00f8delokale: 800 kr. Priser for foredrag og workshops ses under dette Coaching kan v\u00e6re en v\u00e6rdifuld ressource for mennesker, der lever med kronisk sygdom eller smerte p\u00e5 flere m\u00e5der: 1. Personlig support &nbsp;&#8211; Coaches kan yde individualiseret st\u00f8tte, &hellip; <\/p>\n<p class=\"link-more\"><a href=\"http:\/\/www.absalonkappel.dk\/?page_id=846\" class=\"more-link\">L\u00e6s videre<span class=\"screen-reader-text\"> &#8220;Hvad kan coaching g\u00f8re for dig, som lever med kronisk sygdom eller smerte?&#8221;<\/span><\/a><\/p>\n","protected":false},"author":1,"featured_media":0,"parent":0,"menu_order":0,"comment_status":"closed","ping_status":"closed","template":"","meta":{"jetpack_post_was_ever_published":false,"footnotes":""},"class_list":["post-846","page","type-page","status-publish","hentry"],"aioseo_notices":[],"yoast_head":"<!-- This site is optimized with the Yoast SEO plugin v27.3 - https:\/\/yoast.com\/product\/yoast-seo-wordpress\/ -->\n<title>Hvad kan coaching g\u00f8re for dig, som lever med kronisk sygdom eller smerte? -<\/title>\n<meta name=\"description\" content=\"Hvad kan coaching g\u00f8re for dig, som lever med kronisk sygdom eller smerte?Coaching kan v\u00e6re en v\u00e6rdifuld ressource for mennesker, der lever med kronisk sygdom eller smerte p\u00e5 flere m\u00e5der.\" \/>\n<meta name=\"robots\" content=\"index, follow, max-snippet:-1, max-image-preview:large, max-video-preview:-1\" \/>\n<link rel=\"canonical\" href=\"http:\/\/www.absalonkappel.dk\/?page_id=846\" \/>\n<meta property=\"og:locale\" content=\"da_DK\" \/>\n<meta property=\"og:type\" content=\"article\" \/>\n<meta property=\"og:title\" content=\"Hvad kan coaching g\u00f8re for dig, som lever med kronisk sygdom eller smerte? -\" \/>\n<meta property=\"og:description\" content=\"Hvad kan coaching g\u00f8re for dig, som lever med kronisk sygdom eller smerte?Coaching kan v\u00e6re en v\u00e6rdifuld ressource for mennesker, der lever med kronisk sygdom eller smerte p\u00e5 flere m\u00e5der.\" \/>\n<meta property=\"og:url\" content=\"http:\/\/www.absalonkappel.dk\/?page_id=846\" \/>\n<meta property=\"article:modified_time\" content=\"2026-03-31T15:04:02+00:00\" \/>\n<meta name=\"twitter:label1\" content=\"Estimeret l\u00e6setid\" \/>\n\t<meta name=\"twitter:data1\" content=\"3 minutter\" \/>\n<script type=\"application\/ld+json\" class=\"yoast-schema-graph\">{\"@context\":\"https:\\\/\\\/schema.org\",\"@graph\":[{\"@type\":\"WebPage\",\"@id\":\"http:\\\/\\\/www.absalonkappel.dk\\\/?page_id=846\",\"url\":\"http:\\\/\\\/www.absalonkappel.dk\\\/?page_id=846\",\"name\":\"Hvad kan coaching g\u00f8re for dig, som lever med kronisk sygdom eller smerte? -\",\"isPartOf\":{\"@id\":\"http:\\\/\\\/www.absalonkappel.dk\\\/#website\"},\"datePublished\":\"2024-07-10T08:30:34+00:00\",\"dateModified\":\"2026-03-31T15:04:02+00:00\",\"description\":\"Hvad kan coaching g\u00f8re for dig, som lever med kronisk sygdom eller smerte?Coaching kan v\u00e6re en v\u00e6rdifuld ressource for mennesker, der lever med kronisk sygdom eller smerte p\u00e5 flere m\u00e5der.\",\"breadcrumb\":{\"@id\":\"http:\\\/\\\/www.absalonkappel.dk\\\/?page_id=846#breadcrumb\"},\"inLanguage\":\"da-DK\",\"potentialAction\":[{\"@type\":\"ReadAction\",\"target\":[\"http:\\\/\\\/www.absalonkappel.dk\\\/?page_id=846\"]}]},{\"@type\":\"BreadcrumbList\",\"@id\":\"http:\\\/\\\/www.absalonkappel.dk\\\/?page_id=846#breadcrumb\",\"itemListElement\":[{\"@type\":\"ListItem\",\"position\":1,\"name\":\"Home\",\"item\":\"http:\\\/\\\/www.absalonkappel.dk\\\/\"},{\"@type\":\"ListItem\",\"position\":2,\"name\":\"Hvad kan coaching g\u00f8re for dig, som lever med kronisk sygdom eller smerte?\"}]},{\"@type\":\"WebSite\",\"@id\":\"http:\\\/\\\/www.absalonkappel.dk\\\/#website\",\"url\":\"http:\\\/\\\/www.absalonkappel.dk\\\/\",\"name\":\"http:\\\/\\\/www.absalonkappel.dk\",\"description\":\"\",\"potentialAction\":[{\"@type\":\"SearchAction\",\"target\":{\"@type\":\"EntryPoint\",\"urlTemplate\":\"http:\\\/\\\/www.absalonkappel.dk\\\/?s={search_term_string}\"},\"query-input\":{\"@type\":\"PropertyValueSpecification\",\"valueRequired\":true,\"valueName\":\"search_term_string\"}}],\"inLanguage\":\"da-DK\"}]}<\/script>\n<!-- \/ Yoast SEO plugin. -->","yoast_head_json":{"title":"Hvad kan coaching g\u00f8re for dig, som lever med kronisk sygdom eller smerte? -","description":"Hvad kan coaching g\u00f8re for dig, som lever med kronisk sygdom eller smerte?Coaching kan v\u00e6re en v\u00e6rdifuld ressource for mennesker, der lever med kronisk sygdom eller smerte p\u00e5 flere m\u00e5der.","robots":{"index":"index","follow":"follow","max-snippet":"max-snippet:-1","max-image-preview":"max-image-preview:large","max-video-preview":"max-video-preview:-1"},"canonical":"http:\/\/www.absalonkappel.dk\/?page_id=846","og_locale":"da_DK","og_type":"article","og_title":"Hvad kan coaching g\u00f8re for dig, som lever med kronisk sygdom eller smerte? -","og_description":"Hvad kan coaching g\u00f8re for dig, som lever med kronisk sygdom eller smerte?Coaching kan v\u00e6re en v\u00e6rdifuld ressource for mennesker, der lever med kronisk sygdom eller smerte p\u00e5 flere m\u00e5der.","og_url":"http:\/\/www.absalonkappel.dk\/?page_id=846","article_modified_time":"2026-03-31T15:04:02+00:00","twitter_misc":{"Estimeret l\u00e6setid":"3 minutter"},"schema":{"@context":"https:\/\/schema.org","@graph":[{"@type":"WebPage","@id":"http:\/\/www.absalonkappel.dk\/?page_id=846","url":"http:\/\/www.absalonkappel.dk\/?page_id=846","name":"Hvad kan coaching g\u00f8re for dig, som lever med kronisk sygdom eller smerte? -","isPartOf":{"@id":"http:\/\/www.absalonkappel.dk\/#website"},"datePublished":"2024-07-10T08:30:34+00:00","dateModified":"2026-03-31T15:04:02+00:00","description":"Hvad kan coaching g\u00f8re for dig, som lever med kronisk sygdom eller smerte?Coaching kan v\u00e6re en v\u00e6rdifuld ressource for mennesker, der lever med kronisk sygdom eller smerte p\u00e5 flere m\u00e5der.","breadcrumb":{"@id":"http:\/\/www.absalonkappel.dk\/?page_id=846#breadcrumb"},"inLanguage":"da-DK","potentialAction":[{"@type":"ReadAction","target":["http:\/\/www.absalonkappel.dk\/?page_id=846"]}]},{"@type":"BreadcrumbList","@id":"http:\/\/www.absalonkappel.dk\/?page_id=846#breadcrumb","itemListElement":[{"@type":"ListItem","position":1,"name":"Home","item":"http:\/\/www.absalonkappel.dk\/"},{"@type":"ListItem","position":2,"name":"Hvad kan coaching g\u00f8re for dig, som lever med kronisk sygdom eller smerte?"}]},{"@type":"WebSite","@id":"http:\/\/www.absalonkappel.dk\/#website","url":"http:\/\/www.absalonkappel.dk\/","name":"http:\/\/www.absalonkappel.dk","description":"","potentialAction":[{"@type":"SearchAction","target":{"@type":"EntryPoint","urlTemplate":"http:\/\/www.absalonkappel.dk\/?s={search_term_string}"},"query-input":{"@type":"PropertyValueSpecification","valueRequired":true,"valueName":"search_term_string"}}],"inLanguage":"da-DK"}]}},"jetpack_sharing_enabled":true,"jetpack_shortlink":"https:\/\/wp.me\/P2ViD8-dE","_links":{"self":[{"href":"http:\/\/www.absalonkappel.dk\/index.php?rest_route=\/wp\/v2\/pages\/846","targetHints":{"allow":["GET"]}}],"collection":[{"href":"http:\/\/www.absalonkappel.dk\/index.php?rest_route=\/wp\/v2\/pages"}],"about":[{"href":"http:\/\/www.absalonkappel.dk\/index.php?rest_route=\/wp\/v2\/types\/page"}],"author":[{"embeddable":true,"href":"http:\/\/www.absalonkappel.dk\/index.php?rest_route=\/wp\/v2\/users\/1"}],"replies":[{"embeddable":true,"href":"http:\/\/www.absalonkappel.dk\/index.php?rest_route=%2Fwp%2Fv2%2Fcomments&post=846"}],"version-history":[{"count":5,"href":"http:\/\/www.absalonkappel.dk\/index.php?rest_route=\/wp\/v2\/pages\/846\/revisions"}],"predecessor-version":[{"id":916,"href":"http:\/\/www.absalonkappel.dk\/index.php?rest_route=\/wp\/v2\/pages\/846\/revisions\/916"}],"wp:attachment":[{"href":"http:\/\/www.absalonkappel.dk\/index.php?rest_route=%2Fwp%2Fv2%2Fmedia&parent=846"}],"curies":[{"name":"wp","href":"https:\/\/api.w.org\/{rel}","templated":true}]}}