{"id":828,"date":"2025-11-17T13:52:55","date_gmt":"2025-11-17T13:52:55","guid":{"rendered":"http:\/\/www.absalonkappel.dk\/?page_id=828"},"modified":"2025-11-17T13:52:58","modified_gmt":"2025-11-17T13:52:58","slug":"om-absalonkappel-2","status":"publish","type":"page","link":"http:\/\/www.absalonkappel.dk\/?page_id=828","title":{"rendered":"Om Absalonkappel"},"content":{"rendered":"\n<p>Alle mennesker vil igennem livet opleve forskellige udfordringer. Sp\u00f8rgsm\u00e5let er, hvad man g\u00f8r ved de udfordringer. Jeg selv var meget fysisk syg som ung og i start 20&#8217;erne fik jeg en kronisk diagnose, som vendte op og ned p\u00e5 mit liv, alt omkring relationer, krop, uddannelse, \u00f8konomi og fremtid. P\u00e5 baggrund af dette, satte jeg mig et m\u00e5l: at hj\u00e6lpe andre i samme situationer. Derfor stiftede jeg dengang en frivillig patientforening , samtidig med jeg selv skulle f\u00e5 styr p\u00e5 mit liv.<\/p>\n\n\n\n<p>Gennem \u00e5rene har jeg selv haft gavn af hj\u00e6lp. Hj\u00e6lp fra relationer, det offentlige, terapeuter, behandlere og naturligvis mig selv. I sidste ende starter det hele hos en selv. Du skal selv ville have det bedre, du skal ville lave det fysiske og mentale arbejde, ellers f\u00e5r du det aldrig bedre. Det er ofte ogs\u00e5 der modstanden kommer. Jeg var der selv, _ a&#8221;men jeg kan jo fysisk ikke&#8221; &#8230;. &#8220;Jamen jeg kan jo ikke overskue&#8221;&#8230; Hele tiden k\u00f8rte min hjerne i forhindringer og begr\u00e6nsninger. Jeg kom ingen vegne og det m\u00e5tte stoppe og det var kun mig selv der kunne starte med at t\u00e6nke anderledes. Og lytte p\u00e5 mine omgivelser. Bede om hj\u00e6lp og komme igang. Jeg ville bare have det bedre. Derfra har mange \u00e5r givet mig den ressource og forbedret mine kompetencer, at formidle, og st\u00f8tte andre i deres udvikling og deres vej til at f\u00e5 det bedre.<\/p>\n","protected":false},"excerpt":{"rendered":"<p>Alle mennesker vil igennem livet opleve forskellige udfordringer. Sp\u00f8rgsm\u00e5let er, hvad man g\u00f8r ved de udfordringer. Jeg selv var meget fysisk syg som ung og i start 20&#8217;erne fik jeg en kronisk diagnose, som vendte op og ned p\u00e5 mit liv, alt omkring relationer, krop, uddannelse, \u00f8konomi og fremtid. P\u00e5 baggrund af dette, satte jeg &hellip; <\/p>\n<p class=\"link-more\"><a href=\"http:\/\/www.absalonkappel.dk\/?page_id=828\" class=\"more-link\">L\u00e6s videre<span class=\"screen-reader-text\"> &#8220;Om Absalonkappel&#8221;<\/span><\/a><\/p>\n","protected":false},"author":1,"featured_media":0,"parent":0,"menu_order":0,"comment_status":"closed","ping_status":"closed","template":"","meta":{"jetpack_post_was_ever_published":false,"footnotes":""},"class_list":["post-828","page","type-page","status-publish","hentry"],"aioseo_notices":[],"yoast_head":"<!-- This site is optimized with the Yoast SEO plugin v27.3 - https:\/\/yoast.com\/product\/yoast-seo-wordpress\/ -->\n<title>Om Absalonkappel -<\/title>\n<meta name=\"description\" content=\"Alle mennesker vil igennem livet opleve forskellige udfordringer. Sp\u00f8rgsm\u00e5let er, hvad man g\u00f8r ved de udfordringer. Jeg selv var meget fysisk syg som ung og i start 20&#039;erne fik jeg en kronisk diagnose, som vendte op og ned p\u00e5 mit liv, alt omkring relationer, krop, uddannelse, \u00f8konomi og fremtid. P\u00e5 baggrund af dette, satte jeg mig et m\u00e5l: at hj\u00e6lpe andre i samme situationer. Derfor stiftede jeg dengang en frivillig patientforening , samtidig med jeg selv skulle f\u00e5 styr p\u00e5 mit liv.\" \/>\n<meta name=\"robots\" content=\"index, follow, max-snippet:-1, max-image-preview:large, max-video-preview:-1\" \/>\n<link rel=\"canonical\" href=\"http:\/\/www.absalonkappel.dk\/?page_id=828\" \/>\n<meta property=\"og:locale\" content=\"da_DK\" \/>\n<meta property=\"og:type\" content=\"article\" \/>\n<meta property=\"og:title\" content=\"Om Absalonkappel -\" \/>\n<meta property=\"og:description\" content=\"Alle mennesker vil igennem livet opleve forskellige udfordringer. Sp\u00f8rgsm\u00e5let er, hvad man g\u00f8r ved de udfordringer. Jeg selv var meget fysisk syg som ung og i start 20&#039;erne fik jeg en kronisk diagnose, som vendte op og ned p\u00e5 mit liv, alt omkring relationer, krop, uddannelse, \u00f8konomi og fremtid. P\u00e5 baggrund af dette, satte jeg mig et m\u00e5l: at hj\u00e6lpe andre i samme situationer. Derfor stiftede jeg dengang en frivillig patientforening , samtidig med jeg selv skulle f\u00e5 styr p\u00e5 mit liv.\" \/>\n<meta property=\"og:url\" content=\"http:\/\/www.absalonkappel.dk\/?page_id=828\" \/>\n<meta property=\"article:modified_time\" content=\"2025-11-17T13:52:58+00:00\" \/>\n<meta name=\"twitter:label1\" content=\"Estimeret l\u00e6setid\" \/>\n\t<meta name=\"twitter:data1\" content=\"2 minutter\" \/>\n<script type=\"application\/ld+json\" class=\"yoast-schema-graph\">{\"@context\":\"https:\\\/\\\/schema.org\",\"@graph\":[{\"@type\":\"WebPage\",\"@id\":\"http:\\\/\\\/www.absalonkappel.dk\\\/?page_id=828\",\"url\":\"http:\\\/\\\/www.absalonkappel.dk\\\/?page_id=828\",\"name\":\"Om Absalonkappel -\",\"isPartOf\":{\"@id\":\"http:\\\/\\\/www.absalonkappel.dk\\\/#website\"},\"datePublished\":\"2025-11-17T13:52:55+00:00\",\"dateModified\":\"2025-11-17T13:52:58+00:00\",\"description\":\"Alle mennesker vil igennem livet opleve forskellige udfordringer. Sp\u00f8rgsm\u00e5let er, hvad man g\u00f8r ved de udfordringer. Jeg selv var meget fysisk syg som ung og i start 20'erne fik jeg en kronisk diagnose, som vendte op og ned p\u00e5 mit liv, alt omkring relationer, krop, uddannelse, \u00f8konomi og fremtid. P\u00e5 baggrund af dette, satte jeg mig et m\u00e5l: at hj\u00e6lpe andre i samme situationer. Derfor stiftede jeg dengang en frivillig patientforening , samtidig med jeg selv skulle f\u00e5 styr p\u00e5 mit liv.\",\"breadcrumb\":{\"@id\":\"http:\\\/\\\/www.absalonkappel.dk\\\/?page_id=828#breadcrumb\"},\"inLanguage\":\"da-DK\",\"potentialAction\":[{\"@type\":\"ReadAction\",\"target\":[\"http:\\\/\\\/www.absalonkappel.dk\\\/?page_id=828\"]}]},{\"@type\":\"BreadcrumbList\",\"@id\":\"http:\\\/\\\/www.absalonkappel.dk\\\/?page_id=828#breadcrumb\",\"itemListElement\":[{\"@type\":\"ListItem\",\"position\":1,\"name\":\"Home\",\"item\":\"http:\\\/\\\/www.absalonkappel.dk\\\/\"},{\"@type\":\"ListItem\",\"position\":2,\"name\":\"Om Absalonkappel\"}]},{\"@type\":\"WebSite\",\"@id\":\"http:\\\/\\\/www.absalonkappel.dk\\\/#website\",\"url\":\"http:\\\/\\\/www.absalonkappel.dk\\\/\",\"name\":\"http:\\\/\\\/www.absalonkappel.dk\",\"description\":\"\",\"potentialAction\":[{\"@type\":\"SearchAction\",\"target\":{\"@type\":\"EntryPoint\",\"urlTemplate\":\"http:\\\/\\\/www.absalonkappel.dk\\\/?s={search_term_string}\"},\"query-input\":{\"@type\":\"PropertyValueSpecification\",\"valueRequired\":true,\"valueName\":\"search_term_string\"}}],\"inLanguage\":\"da-DK\"}]}<\/script>\n<!-- \/ Yoast SEO plugin. -->","yoast_head_json":{"title":"Om Absalonkappel -","description":"Alle mennesker vil igennem livet opleve forskellige udfordringer. Sp\u00f8rgsm\u00e5let er, hvad man g\u00f8r ved de udfordringer. Jeg selv var meget fysisk syg som ung og i start 20'erne fik jeg en kronisk diagnose, som vendte op og ned p\u00e5 mit liv, alt omkring relationer, krop, uddannelse, \u00f8konomi og fremtid. P\u00e5 baggrund af dette, satte jeg mig et m\u00e5l: at hj\u00e6lpe andre i samme situationer. Derfor stiftede jeg dengang en frivillig patientforening , samtidig med jeg selv skulle f\u00e5 styr p\u00e5 mit liv.","robots":{"index":"index","follow":"follow","max-snippet":"max-snippet:-1","max-image-preview":"max-image-preview:large","max-video-preview":"max-video-preview:-1"},"canonical":"http:\/\/www.absalonkappel.dk\/?page_id=828","og_locale":"da_DK","og_type":"article","og_title":"Om Absalonkappel -","og_description":"Alle mennesker vil igennem livet opleve forskellige udfordringer. Sp\u00f8rgsm\u00e5let er, hvad man g\u00f8r ved de udfordringer. Jeg selv var meget fysisk syg som ung og i start 20'erne fik jeg en kronisk diagnose, som vendte op og ned p\u00e5 mit liv, alt omkring relationer, krop, uddannelse, \u00f8konomi og fremtid. P\u00e5 baggrund af dette, satte jeg mig et m\u00e5l: at hj\u00e6lpe andre i samme situationer. Derfor stiftede jeg dengang en frivillig patientforening , samtidig med jeg selv skulle f\u00e5 styr p\u00e5 mit liv.","og_url":"http:\/\/www.absalonkappel.dk\/?page_id=828","article_modified_time":"2025-11-17T13:52:58+00:00","twitter_misc":{"Estimeret l\u00e6setid":"2 minutter"},"schema":{"@context":"https:\/\/schema.org","@graph":[{"@type":"WebPage","@id":"http:\/\/www.absalonkappel.dk\/?page_id=828","url":"http:\/\/www.absalonkappel.dk\/?page_id=828","name":"Om Absalonkappel -","isPartOf":{"@id":"http:\/\/www.absalonkappel.dk\/#website"},"datePublished":"2025-11-17T13:52:55+00:00","dateModified":"2025-11-17T13:52:58+00:00","description":"Alle mennesker vil igennem livet opleve forskellige udfordringer. Sp\u00f8rgsm\u00e5let er, hvad man g\u00f8r ved de udfordringer. Jeg selv var meget fysisk syg som ung og i start 20'erne fik jeg en kronisk diagnose, som vendte op og ned p\u00e5 mit liv, alt omkring relationer, krop, uddannelse, \u00f8konomi og fremtid. P\u00e5 baggrund af dette, satte jeg mig et m\u00e5l: at hj\u00e6lpe andre i samme situationer. Derfor stiftede jeg dengang en frivillig patientforening , samtidig med jeg selv skulle f\u00e5 styr p\u00e5 mit liv.","breadcrumb":{"@id":"http:\/\/www.absalonkappel.dk\/?page_id=828#breadcrumb"},"inLanguage":"da-DK","potentialAction":[{"@type":"ReadAction","target":["http:\/\/www.absalonkappel.dk\/?page_id=828"]}]},{"@type":"BreadcrumbList","@id":"http:\/\/www.absalonkappel.dk\/?page_id=828#breadcrumb","itemListElement":[{"@type":"ListItem","position":1,"name":"Home","item":"http:\/\/www.absalonkappel.dk\/"},{"@type":"ListItem","position":2,"name":"Om Absalonkappel"}]},{"@type":"WebSite","@id":"http:\/\/www.absalonkappel.dk\/#website","url":"http:\/\/www.absalonkappel.dk\/","name":"http:\/\/www.absalonkappel.dk","description":"","potentialAction":[{"@type":"SearchAction","target":{"@type":"EntryPoint","urlTemplate":"http:\/\/www.absalonkappel.dk\/?s={search_term_string}"},"query-input":{"@type":"PropertyValueSpecification","valueRequired":true,"valueName":"search_term_string"}}],"inLanguage":"da-DK"}]}},"jetpack_sharing_enabled":true,"jetpack_shortlink":"https:\/\/wp.me\/P2ViD8-dm","_links":{"self":[{"href":"http:\/\/www.absalonkappel.dk\/index.php?rest_route=\/wp\/v2\/pages\/828","targetHints":{"allow":["GET"]}}],"collection":[{"href":"http:\/\/www.absalonkappel.dk\/index.php?rest_route=\/wp\/v2\/pages"}],"about":[{"href":"http:\/\/www.absalonkappel.dk\/index.php?rest_route=\/wp\/v2\/types\/page"}],"author":[{"embeddable":true,"href":"http:\/\/www.absalonkappel.dk\/index.php?rest_route=\/wp\/v2\/users\/1"}],"replies":[{"embeddable":true,"href":"http:\/\/www.absalonkappel.dk\/index.php?rest_route=%2Fwp%2Fv2%2Fcomments&post=828"}],"version-history":[{"count":1,"href":"http:\/\/www.absalonkappel.dk\/index.php?rest_route=\/wp\/v2\/pages\/828\/revisions"}],"predecessor-version":[{"id":829,"href":"http:\/\/www.absalonkappel.dk\/index.php?rest_route=\/wp\/v2\/pages\/828\/revisions\/829"}],"wp:attachment":[{"href":"http:\/\/www.absalonkappel.dk\/index.php?rest_route=%2Fwp%2Fv2%2Fmedia&parent=828"}],"curies":[{"name":"wp","href":"https:\/\/api.w.org\/{rel}","templated":true}]}}