{"id":543,"date":"2015-08-18T16:26:05","date_gmt":"2015-08-18T16:26:05","guid":{"rendered":"http:\/\/www.absalonkappel.dk\/?page_id=543"},"modified":"2025-11-17T13:12:53","modified_gmt":"2025-11-17T13:12:53","slug":"bestil-tid","status":"publish","type":"page","link":"http:\/\/www.absalonkappel.dk\/?page_id=543","title":{"rendered":"Bestil tid"},"content":{"rendered":"\n<ul class=\"wp-block-list\">\n<li><\/li>\n<\/ul>\n\n\n<p>\u00a0 \u00a0 \u00a0 \u00a0 \u00a0 \u00a0 \u00a0 \u00a0 \u00a0 \u00a0 \u00a0 \u00a0 \u00a0 \u00a0 \u00a0 \u00a0 \u00a0 \u00a0 \u00a0 \u00a0 \u00a0 \u00a0 \u00a0 \u00a0 SMS: 5194 0720, s\u00e5 ringer jeg dig op<\/p>\n<p><a href=\"http:\/\/www.absalonkappel.dk\/wp-content\/uploads\/2024\/06\/contact-mail_3095583.png\"><img loading=\"lazy\" decoding=\"async\" class=\"alignleft size-thumbnail wp-image-833\" src=\"http:\/\/www.absalonkappel.dk\/wp-content\/uploads\/2024\/06\/contact-mail_3095583-150x150.png\" alt=\"\" width=\"150\" height=\"150\" srcset=\"http:\/\/www.absalonkappel.dk\/wp-content\/uploads\/2024\/06\/contact-mail_3095583-150x150.png 150w, http:\/\/www.absalonkappel.dk\/wp-content\/uploads\/2024\/06\/contact-mail_3095583-300x300.png 300w, http:\/\/www.absalonkappel.dk\/wp-content\/uploads\/2024\/06\/contact-mail_3095583-100x100.png 100w, http:\/\/www.absalonkappel.dk\/wp-content\/uploads\/2024\/06\/contact-mail_3095583.png 512w\" sizes=\"auto, (max-width: 150px) 100vw, 150px\" \/><\/a>E- mail:katrineabsalon@outlook.dk<\/p>\n<p>Hverdage: samtaler og \u00f8velser er online ( nogle dage er det muligt at v\u00e6re i behandlerlokale p\u00e5 Amager)<\/p>\n<p>\u00a0<\/p>\n<p>Weekender: samtaler, behandling og \u00f8velser i behandlerlokale p\u00e5 Frederiksberg eller Amager<\/p>","protected":false},"excerpt":{"rendered":"<p>\u00a0 \u00a0 \u00a0 \u00a0 \u00a0 \u00a0 \u00a0 \u00a0 \u00a0 \u00a0 \u00a0 \u00a0 \u00a0 \u00a0 \u00a0 \u00a0 \u00a0 \u00a0 \u00a0 \u00a0 \u00a0 \u00a0 \u00a0 \u00a0 SMS: 5194 0720, s\u00e5 ringer jeg dig op E- mail:katrineabsalon@outlook.dk Hverdage: samtaler og \u00f8velser er online ( nogle dage er det muligt at v\u00e6re i behandlerlokale p\u00e5 Amager) \u00a0 Weekender: samtaler, &hellip; <\/p>\n<p class=\"link-more\"><a href=\"http:\/\/www.absalonkappel.dk\/?page_id=543\" class=\"more-link\">L\u00e6s videre<span class=\"screen-reader-text\"> &#8220;Bestil tid&#8221;<\/span><\/a><\/p>\n","protected":false},"author":1,"featured_media":0,"parent":0,"menu_order":0,"comment_status":"closed","ping_status":"closed","template":"","meta":{"jetpack_post_was_ever_published":false,"footnotes":""},"class_list":["post-543","page","type-page","status-publish","hentry"],"aioseo_notices":[],"yoast_head":"<!-- This site is optimized with the Yoast SEO plugin v27.3 - https:\/\/yoast.com\/product\/yoast-seo-wordpress\/ -->\n<title>Bestil tid -<\/title>\n<meta name=\"robots\" content=\"index, follow, max-snippet:-1, max-image-preview:large, max-video-preview:-1\" \/>\n<link rel=\"canonical\" href=\"http:\/\/www.absalonkappel.dk\/?page_id=543\" \/>\n<meta property=\"og:locale\" content=\"da_DK\" \/>\n<meta property=\"og:type\" content=\"article\" \/>\n<meta property=\"og:title\" content=\"Bestil tid -\" \/>\n<meta property=\"og:description\" content=\"\u00a0 \u00a0 \u00a0 \u00a0 \u00a0 \u00a0 \u00a0 \u00a0 \u00a0 \u00a0 \u00a0 \u00a0 \u00a0 \u00a0 \u00a0 \u00a0 \u00a0 \u00a0 \u00a0 \u00a0 \u00a0 \u00a0 \u00a0 \u00a0 SMS: 5194 0720, s\u00e5 ringer jeg dig op E- mail:katrineabsalon@outlook.dk Hverdage: samtaler og \u00f8velser er online ( nogle dage er det muligt at v\u00e6re i behandlerlokale p\u00e5 Amager) \u00a0 Weekender: samtaler, &hellip; L\u00e6s videre &quot;Bestil tid&quot;\" \/>\n<meta property=\"og:url\" content=\"http:\/\/www.absalonkappel.dk\/?page_id=543\" \/>\n<meta property=\"article:modified_time\" content=\"2025-11-17T13:12:53+00:00\" \/>\n<meta property=\"og:image\" content=\"http:\/\/www.absalonkappel.dk\/wp-content\/uploads\/2024\/06\/contact-mail_3095583.png\" \/>\n\t<meta property=\"og:image:width\" content=\"512\" \/>\n\t<meta property=\"og:image:height\" content=\"512\" \/>\n\t<meta property=\"og:image:type\" content=\"image\/png\" \/>\n<script type=\"application\/ld+json\" class=\"yoast-schema-graph\">{\"@context\":\"https:\\\/\\\/schema.org\",\"@graph\":[{\"@type\":\"WebPage\",\"@id\":\"http:\\\/\\\/www.absalonkappel.dk\\\/?page_id=543\",\"url\":\"http:\\\/\\\/www.absalonkappel.dk\\\/?page_id=543\",\"name\":\"Bestil tid -\",\"isPartOf\":{\"@id\":\"http:\\\/\\\/www.absalonkappel.dk\\\/#website\"},\"primaryImageOfPage\":{\"@id\":\"http:\\\/\\\/www.absalonkappel.dk\\\/?page_id=543#primaryimage\"},\"image\":{\"@id\":\"http:\\\/\\\/www.absalonkappel.dk\\\/?page_id=543#primaryimage\"},\"thumbnailUrl\":\"http:\\\/\\\/www.absalonkappel.dk\\\/wp-content\\\/uploads\\\/2024\\\/06\\\/contact-mail_3095583-150x150.png\",\"datePublished\":\"2015-08-18T16:26:05+00:00\",\"dateModified\":\"2025-11-17T13:12:53+00:00\",\"breadcrumb\":{\"@id\":\"http:\\\/\\\/www.absalonkappel.dk\\\/?page_id=543#breadcrumb\"},\"inLanguage\":\"da-DK\",\"potentialAction\":[{\"@type\":\"ReadAction\",\"target\":[\"http:\\\/\\\/www.absalonkappel.dk\\\/?page_id=543\"]}]},{\"@type\":\"ImageObject\",\"inLanguage\":\"da-DK\",\"@id\":\"http:\\\/\\\/www.absalonkappel.dk\\\/?page_id=543#primaryimage\",\"url\":\"http:\\\/\\\/www.absalonkappel.dk\\\/wp-content\\\/uploads\\\/2024\\\/06\\\/contact-mail_3095583.png\",\"contentUrl\":\"http:\\\/\\\/www.absalonkappel.dk\\\/wp-content\\\/uploads\\\/2024\\\/06\\\/contact-mail_3095583.png\",\"width\":512,\"height\":512},{\"@type\":\"BreadcrumbList\",\"@id\":\"http:\\\/\\\/www.absalonkappel.dk\\\/?page_id=543#breadcrumb\",\"itemListElement\":[{\"@type\":\"ListItem\",\"position\":1,\"name\":\"Home\",\"item\":\"http:\\\/\\\/www.absalonkappel.dk\\\/\"},{\"@type\":\"ListItem\",\"position\":2,\"name\":\"Bestil tid\"}]},{\"@type\":\"WebSite\",\"@id\":\"http:\\\/\\\/www.absalonkappel.dk\\\/#website\",\"url\":\"http:\\\/\\\/www.absalonkappel.dk\\\/\",\"name\":\"http:\\\/\\\/www.absalonkappel.dk\",\"description\":\"\",\"potentialAction\":[{\"@type\":\"SearchAction\",\"target\":{\"@type\":\"EntryPoint\",\"urlTemplate\":\"http:\\\/\\\/www.absalonkappel.dk\\\/?s={search_term_string}\"},\"query-input\":{\"@type\":\"PropertyValueSpecification\",\"valueRequired\":true,\"valueName\":\"search_term_string\"}}],\"inLanguage\":\"da-DK\"}]}<\/script>\n<!-- \/ Yoast SEO plugin. -->","yoast_head_json":{"title":"Bestil tid -","robots":{"index":"index","follow":"follow","max-snippet":"max-snippet:-1","max-image-preview":"max-image-preview:large","max-video-preview":"max-video-preview:-1"},"canonical":"http:\/\/www.absalonkappel.dk\/?page_id=543","og_locale":"da_DK","og_type":"article","og_title":"Bestil tid -","og_description":"\u00a0 \u00a0 \u00a0 \u00a0 \u00a0 \u00a0 \u00a0 \u00a0 \u00a0 \u00a0 \u00a0 \u00a0 \u00a0 \u00a0 \u00a0 \u00a0 \u00a0 \u00a0 \u00a0 \u00a0 \u00a0 \u00a0 \u00a0 \u00a0 SMS: 5194 0720, s\u00e5 ringer jeg dig op E- mail:katrineabsalon@outlook.dk Hverdage: samtaler og \u00f8velser er online ( nogle dage er det muligt at v\u00e6re i behandlerlokale p\u00e5 Amager) \u00a0 Weekender: samtaler, &hellip; L\u00e6s videre \"Bestil tid\"","og_url":"http:\/\/www.absalonkappel.dk\/?page_id=543","article_modified_time":"2025-11-17T13:12:53+00:00","og_image":[{"width":512,"height":512,"url":"http:\/\/www.absalonkappel.dk\/wp-content\/uploads\/2024\/06\/contact-mail_3095583.png","type":"image\/png"}],"schema":{"@context":"https:\/\/schema.org","@graph":[{"@type":"WebPage","@id":"http:\/\/www.absalonkappel.dk\/?page_id=543","url":"http:\/\/www.absalonkappel.dk\/?page_id=543","name":"Bestil tid -","isPartOf":{"@id":"http:\/\/www.absalonkappel.dk\/#website"},"primaryImageOfPage":{"@id":"http:\/\/www.absalonkappel.dk\/?page_id=543#primaryimage"},"image":{"@id":"http:\/\/www.absalonkappel.dk\/?page_id=543#primaryimage"},"thumbnailUrl":"http:\/\/www.absalonkappel.dk\/wp-content\/uploads\/2024\/06\/contact-mail_3095583-150x150.png","datePublished":"2015-08-18T16:26:05+00:00","dateModified":"2025-11-17T13:12:53+00:00","breadcrumb":{"@id":"http:\/\/www.absalonkappel.dk\/?page_id=543#breadcrumb"},"inLanguage":"da-DK","potentialAction":[{"@type":"ReadAction","target":["http:\/\/www.absalonkappel.dk\/?page_id=543"]}]},{"@type":"ImageObject","inLanguage":"da-DK","@id":"http:\/\/www.absalonkappel.dk\/?page_id=543#primaryimage","url":"http:\/\/www.absalonkappel.dk\/wp-content\/uploads\/2024\/06\/contact-mail_3095583.png","contentUrl":"http:\/\/www.absalonkappel.dk\/wp-content\/uploads\/2024\/06\/contact-mail_3095583.png","width":512,"height":512},{"@type":"BreadcrumbList","@id":"http:\/\/www.absalonkappel.dk\/?page_id=543#breadcrumb","itemListElement":[{"@type":"ListItem","position":1,"name":"Home","item":"http:\/\/www.absalonkappel.dk\/"},{"@type":"ListItem","position":2,"name":"Bestil tid"}]},{"@type":"WebSite","@id":"http:\/\/www.absalonkappel.dk\/#website","url":"http:\/\/www.absalonkappel.dk\/","name":"http:\/\/www.absalonkappel.dk","description":"","potentialAction":[{"@type":"SearchAction","target":{"@type":"EntryPoint","urlTemplate":"http:\/\/www.absalonkappel.dk\/?s={search_term_string}"},"query-input":{"@type":"PropertyValueSpecification","valueRequired":true,"valueName":"search_term_string"}}],"inLanguage":"da-DK"}]}},"jetpack_sharing_enabled":true,"jetpack_shortlink":"https:\/\/wp.me\/P2ViD8-8L","_links":{"self":[{"href":"http:\/\/www.absalonkappel.dk\/index.php?rest_route=\/wp\/v2\/pages\/543","targetHints":{"allow":["GET"]}}],"collection":[{"href":"http:\/\/www.absalonkappel.dk\/index.php?rest_route=\/wp\/v2\/pages"}],"about":[{"href":"http:\/\/www.absalonkappel.dk\/index.php?rest_route=\/wp\/v2\/types\/page"}],"author":[{"embeddable":true,"href":"http:\/\/www.absalonkappel.dk\/index.php?rest_route=\/wp\/v2\/users\/1"}],"replies":[{"embeddable":true,"href":"http:\/\/www.absalonkappel.dk\/index.php?rest_route=%2Fwp%2Fv2%2Fcomments&post=543"}],"version-history":[{"count":12,"href":"http:\/\/www.absalonkappel.dk\/index.php?rest_route=\/wp\/v2\/pages\/543\/revisions"}],"predecessor-version":[{"id":893,"href":"http:\/\/www.absalonkappel.dk\/index.php?rest_route=\/wp\/v2\/pages\/543\/revisions\/893"}],"wp:attachment":[{"href":"http:\/\/www.absalonkappel.dk\/index.php?rest_route=%2Fwp%2Fv2%2Fmedia&parent=543"}],"curies":[{"name":"wp","href":"https:\/\/api.w.org\/{rel}","templated":true}]}}