{"id":536,"date":"2015-08-18T16:17:55","date_gmt":"2015-08-18T16:17:55","guid":{"rendered":"http:\/\/www.absalonkappel.dk\/?page_id=536"},"modified":"2025-11-17T13:38:21","modified_gmt":"2025-11-17T13:38:21","slug":"kronisk-sygdom-coaching","status":"publish","type":"page","link":"http:\/\/www.absalonkappel.dk\/?page_id=536","title":{"rendered":"Kronisk sygdom-Coaching"},"content":{"rendered":"<p><em><strong>Hvorfor v\u00e6lge coaching?<\/strong><\/em><\/p>\n<p>N\u00e5r du v\u00e6lger coaching, s\u00e5 er det for at skabe resultater og fordi du \u00f8nsker at udvikle dig ud fra det punkt eller sted du st\u00e5r lige nu.<\/p>\n<p>Coaching handler om at blive motiveret, finde inde til kernen af hvad der holder dig tilbage.<\/p>\n<p>Din coach er her for at st\u00f8tte dig gennem en proces , der er drevet af dig selv og din coach er der til at sparre og finde nye indgangsvinkler, hvis det du g\u00f8r ikke fungere.<\/p>\n<p>Coaching er en positiv og resultatorienteret mulighed for at komme videre og skabe kontrol og finde nye muligheder.<\/p>\n<p><em><strong>Stress:<\/strong> <\/em>mange oplever at v\u00e6re under pres , imens de er under udredning eller deres liv forandres for altid pga. sygdom. En stresset krop og et stresset sind, forhindre heling og forbedring og derfor kan det v\u00e6re godt, at f\u00e5 fokus p\u00e5 de det man kan kontrollere og f\u00e5 afgivet energi p\u00e5 det man ikke kan kontrollere.<\/p>\n<p>Form\u00e5let med coaching for kroniske patienter og deres p\u00e5r\u00f8rende er:<\/p>\n<ul>\n<li>at genskabe et godt og realistisk forhold til dig selv og dine omgivelser<\/li>\n<li>at genvinde og genfinde din identitet<\/li>\n<li>at lave realistiske m\u00e5ls\u00e6tninger og genvinde kontrollen i dit liv<\/li>\n<li>at skabe de bedste rammer for, at kunne navigere i det sociale system<\/li>\n<li>at lave handleplaner der skaber succesoplevelser og reducerer stress<\/li>\n<\/ul>\n<p>Coaching kan foreg\u00e5 indenfor temaerne:<\/p>\n<p>Identitet og kronisk sygdom<\/p>\n<p>Job identitet, udannelse og fremtidsplaner<\/p>\n<p>Parforhold, singleliv, k\u00e6rlighed, seksualitet og kronisk sygdom<\/p>\n<p>Barn, ung og kronisk sygdom<\/p>\n<p>Hverdagen med kronisk sygdom<\/p>\n<p>Sociale relationer og kronisk sygdom<\/p>\n<p>og meget mere&#8230;&#8230; du bestemmer selv hvad dit fokus er lige nu!<\/p>\n<p><em><strong>Hvordan foreg\u00e5r en coaching session?<\/strong><\/em><\/p>\n<p>En coaching session kan foreg\u00e5 ved et fysisk m\u00f8de, p\u00e5 telefon, eller p\u00e5 video.<\/p>\n<p>Det er naturligvis altid bedst at m\u00f8des face to face, n\u00e5r det er muligt.<\/p>\n<p>Inden m\u00f8det, har vi aftalt de fokus punkter du har brug for at komme ind p\u00e5, som en start.<\/p>\n<p>Derfra tager vi \u00e9n session ad gangen og arbejder os frem mod dit m\u00e5l og dine \u00f8nsker.<\/p>\n<p>Priser:<\/p>\n<p>1 , 5 time p\u00e5 tlf.: 650 kr.<\/p>\n<p>1,5 time p\u00e5 video: 650 kr.<\/p>\n<p>1,5 time i m\u00f8delokale: 800 kr.<\/p>\n","protected":false},"excerpt":{"rendered":"<p>Hvorfor v\u00e6lge coaching? N\u00e5r du v\u00e6lger coaching, s\u00e5 er det for at skabe resultater og fordi du \u00f8nsker at udvikle dig ud fra det punkt eller sted du st\u00e5r lige nu. Coaching handler om at blive motiveret, finde inde til kernen af hvad der holder dig tilbage. Din coach er her for at st\u00f8tte dig &hellip; <\/p>\n<p class=\"link-more\"><a href=\"http:\/\/www.absalonkappel.dk\/?page_id=536\" class=\"more-link\">L\u00e6s videre<span class=\"screen-reader-text\"> &#8220;Kronisk sygdom-Coaching&#8221;<\/span><\/a><\/p>\n","protected":false},"author":1,"featured_media":0,"parent":0,"menu_order":0,"comment_status":"closed","ping_status":"closed","template":"","meta":{"jetpack_post_was_ever_published":false,"footnotes":""},"class_list":["post-536","page","type-page","status-publish","hentry"],"aioseo_notices":[],"yoast_head":"<!-- This site is optimized with the Yoast SEO plugin v27.3 - https:\/\/yoast.com\/product\/yoast-seo-wordpress\/ -->\n<title>Kronisk sygdom-Coaching -<\/title>\n<meta name=\"description\" content=\"coaching kronisk sygdomstress coach kronisk sygonline coaching stresscoaching for kronisk sygelivscoaching kronisk sygdomstresscoaching online\" \/>\n<meta name=\"robots\" content=\"index, follow, max-snippet:-1, max-image-preview:large, max-video-preview:-1\" \/>\n<link rel=\"canonical\" href=\"http:\/\/www.absalonkappel.dk\/?page_id=536\" \/>\n<meta property=\"og:locale\" content=\"da_DK\" \/>\n<meta property=\"og:type\" content=\"article\" \/>\n<meta property=\"og:title\" content=\"Kronisk sygdom-Coaching -\" \/>\n<meta property=\"og:description\" content=\"coaching kronisk sygdomstress coach kronisk sygonline coaching stresscoaching for kronisk sygelivscoaching kronisk sygdomstresscoaching online\" \/>\n<meta property=\"og:url\" content=\"http:\/\/www.absalonkappel.dk\/?page_id=536\" \/>\n<meta property=\"article:modified_time\" content=\"2025-11-17T13:38:21+00:00\" \/>\n<meta name=\"twitter:label1\" content=\"Estimeret l\u00e6setid\" \/>\n\t<meta name=\"twitter:data1\" content=\"2 minutter\" \/>\n<script type=\"application\/ld+json\" class=\"yoast-schema-graph\">{\"@context\":\"https:\\\/\\\/schema.org\",\"@graph\":[{\"@type\":\"WebPage\",\"@id\":\"http:\\\/\\\/www.absalonkappel.dk\\\/?page_id=536\",\"url\":\"http:\\\/\\\/www.absalonkappel.dk\\\/?page_id=536\",\"name\":\"Kronisk sygdom-Coaching -\",\"isPartOf\":{\"@id\":\"http:\\\/\\\/www.absalonkappel.dk\\\/#website\"},\"datePublished\":\"2015-08-18T16:17:55+00:00\",\"dateModified\":\"2025-11-17T13:38:21+00:00\",\"description\":\"coaching kronisk sygdomstress coach kronisk sygonline coaching stresscoaching for kronisk sygelivscoaching kronisk sygdomstresscoaching online\",\"breadcrumb\":{\"@id\":\"http:\\\/\\\/www.absalonkappel.dk\\\/?page_id=536#breadcrumb\"},\"inLanguage\":\"da-DK\",\"potentialAction\":[{\"@type\":\"ReadAction\",\"target\":[\"http:\\\/\\\/www.absalonkappel.dk\\\/?page_id=536\"]}]},{\"@type\":\"BreadcrumbList\",\"@id\":\"http:\\\/\\\/www.absalonkappel.dk\\\/?page_id=536#breadcrumb\",\"itemListElement\":[{\"@type\":\"ListItem\",\"position\":1,\"name\":\"Home\",\"item\":\"http:\\\/\\\/www.absalonkappel.dk\\\/\"},{\"@type\":\"ListItem\",\"position\":2,\"name\":\"Kronisk sygdom-Coaching\"}]},{\"@type\":\"WebSite\",\"@id\":\"http:\\\/\\\/www.absalonkappel.dk\\\/#website\",\"url\":\"http:\\\/\\\/www.absalonkappel.dk\\\/\",\"name\":\"http:\\\/\\\/www.absalonkappel.dk\",\"description\":\"\",\"potentialAction\":[{\"@type\":\"SearchAction\",\"target\":{\"@type\":\"EntryPoint\",\"urlTemplate\":\"http:\\\/\\\/www.absalonkappel.dk\\\/?s={search_term_string}\"},\"query-input\":{\"@type\":\"PropertyValueSpecification\",\"valueRequired\":true,\"valueName\":\"search_term_string\"}}],\"inLanguage\":\"da-DK\"}]}<\/script>\n<!-- \/ Yoast SEO plugin. -->","yoast_head_json":{"title":"Kronisk sygdom-Coaching -","description":"coaching kronisk sygdomstress coach kronisk sygonline coaching stresscoaching for kronisk sygelivscoaching kronisk sygdomstresscoaching online","robots":{"index":"index","follow":"follow","max-snippet":"max-snippet:-1","max-image-preview":"max-image-preview:large","max-video-preview":"max-video-preview:-1"},"canonical":"http:\/\/www.absalonkappel.dk\/?page_id=536","og_locale":"da_DK","og_type":"article","og_title":"Kronisk sygdom-Coaching -","og_description":"coaching kronisk sygdomstress coach kronisk sygonline coaching stresscoaching for kronisk sygelivscoaching kronisk sygdomstresscoaching online","og_url":"http:\/\/www.absalonkappel.dk\/?page_id=536","article_modified_time":"2025-11-17T13:38:21+00:00","twitter_misc":{"Estimeret l\u00e6setid":"2 minutter"},"schema":{"@context":"https:\/\/schema.org","@graph":[{"@type":"WebPage","@id":"http:\/\/www.absalonkappel.dk\/?page_id=536","url":"http:\/\/www.absalonkappel.dk\/?page_id=536","name":"Kronisk sygdom-Coaching -","isPartOf":{"@id":"http:\/\/www.absalonkappel.dk\/#website"},"datePublished":"2015-08-18T16:17:55+00:00","dateModified":"2025-11-17T13:38:21+00:00","description":"coaching kronisk sygdomstress coach kronisk sygonline coaching stresscoaching for kronisk sygelivscoaching kronisk sygdomstresscoaching online","breadcrumb":{"@id":"http:\/\/www.absalonkappel.dk\/?page_id=536#breadcrumb"},"inLanguage":"da-DK","potentialAction":[{"@type":"ReadAction","target":["http:\/\/www.absalonkappel.dk\/?page_id=536"]}]},{"@type":"BreadcrumbList","@id":"http:\/\/www.absalonkappel.dk\/?page_id=536#breadcrumb","itemListElement":[{"@type":"ListItem","position":1,"name":"Home","item":"http:\/\/www.absalonkappel.dk\/"},{"@type":"ListItem","position":2,"name":"Kronisk sygdom-Coaching"}]},{"@type":"WebSite","@id":"http:\/\/www.absalonkappel.dk\/#website","url":"http:\/\/www.absalonkappel.dk\/","name":"http:\/\/www.absalonkappel.dk","description":"","potentialAction":[{"@type":"SearchAction","target":{"@type":"EntryPoint","urlTemplate":"http:\/\/www.absalonkappel.dk\/?s={search_term_string}"},"query-input":{"@type":"PropertyValueSpecification","valueRequired":true,"valueName":"search_term_string"}}],"inLanguage":"da-DK"}]}},"jetpack_sharing_enabled":true,"jetpack_shortlink":"https:\/\/wp.me\/P2ViD8-8E","_links":{"self":[{"href":"http:\/\/www.absalonkappel.dk\/index.php?rest_route=\/wp\/v2\/pages\/536","targetHints":{"allow":["GET"]}}],"collection":[{"href":"http:\/\/www.absalonkappel.dk\/index.php?rest_route=\/wp\/v2\/pages"}],"about":[{"href":"http:\/\/www.absalonkappel.dk\/index.php?rest_route=\/wp\/v2\/types\/page"}],"author":[{"embeddable":true,"href":"http:\/\/www.absalonkappel.dk\/index.php?rest_route=\/wp\/v2\/users\/1"}],"replies":[{"embeddable":true,"href":"http:\/\/www.absalonkappel.dk\/index.php?rest_route=%2Fwp%2Fv2%2Fcomments&post=536"}],"version-history":[{"count":18,"href":"http:\/\/www.absalonkappel.dk\/index.php?rest_route=\/wp\/v2\/pages\/536\/revisions"}],"predecessor-version":[{"id":812,"href":"http:\/\/www.absalonkappel.dk\/index.php?rest_route=\/wp\/v2\/pages\/536\/revisions\/812"}],"wp:attachment":[{"href":"http:\/\/www.absalonkappel.dk\/index.php?rest_route=%2Fwp%2Fv2%2Fmedia&parent=536"}],"curies":[{"name":"wp","href":"https:\/\/api.w.org\/{rel}","templated":true}]}}