{"id":430,"date":"2014-03-11T15:39:29","date_gmt":"2014-03-11T15:39:29","guid":{"rendered":"http:\/\/www.absalonkappel.dk\/?page_id=430"},"modified":"2025-11-17T14:02:03","modified_gmt":"2025-11-17T14:02:03","slug":"foredrag","status":"publish","type":"page","link":"http:\/\/www.absalonkappel.dk\/?page_id=430","title":{"rendered":"Foredrag"},"content":{"rendered":"<p>Foredrag for fagpersonale, patienter, p\u00e5r\u00f8rende, arbejdsgivere<\/p>\n<p><em>Et foredrag kan ogs\u00e5 tilrettel\u00e6gges ud fra de \u00f8nsker I har, et foredrag har varighed af ca. 2 timer incl. pause. Pris 3000 kr<\/em><\/p>\n<p><strong>Temaer:<\/strong><\/p>\n<p>Hvordan h\u00e5ndtere man livet \u00a0med en kronisk sygdom<\/p>\n<p>Hvordan h\u00e5ndtere du dit nye liv som p\u00e5r\u00f8rende<\/p>\n<p>Parforhold og kronisk sygdom- redskaber, kommunikationsv\u00e6rkt\u00f8jer, intimitet og seksualitet<\/p>\n<p>Hvordan m\u00f8der vi hinanden i \u00f8jenh\u00f8jde ( kommunikation og redskaber til kommunikation og konflikth\u00e5ndtering)<\/p>\n<p>Problematikker i patientforeninger: hvordan skaber man en &#8220;VI&#8221; f\u00f8lelse for medlemmer og frivillige<\/p>\n<p>Hvordan navigere du i offentligt regi med din sagsbehandler, jobcenter og sundshedsv\u00e6snet, hvilke muligheder er der og kender du dine rettigheder<\/p>\n<p><em>\u00a0<\/em><\/p>\n","protected":false},"excerpt":{"rendered":"<p>Foredrag for fagpersonale, patienter, p\u00e5r\u00f8rende, arbejdsgivere Et foredrag kan ogs\u00e5 tilrettel\u00e6gges ud fra de \u00f8nsker I har, et foredrag har varighed af ca. 2 timer incl. pause. Pris 3000 kr Temaer: Hvordan h\u00e5ndtere man livet \u00a0med en kronisk sygdom Hvordan h\u00e5ndtere du dit nye liv som p\u00e5r\u00f8rende Parforhold og kronisk sygdom- redskaber, kommunikationsv\u00e6rkt\u00f8jer, intimitet og &hellip; <\/p>\n<p class=\"link-more\"><a href=\"http:\/\/www.absalonkappel.dk\/?page_id=430\" class=\"more-link\">L\u00e6s videre<span class=\"screen-reader-text\"> &#8220;Foredrag&#8221;<\/span><\/a><\/p>\n","protected":false},"author":1,"featured_media":0,"parent":0,"menu_order":0,"comment_status":"closed","ping_status":"closed","template":"","meta":{"jetpack_post_was_ever_published":false,"footnotes":""},"class_list":["post-430","page","type-page","status-publish","hentry"],"aioseo_notices":[],"yoast_head":"<!-- This site is optimized with the Yoast SEO plugin v27.3 - https:\/\/yoast.com\/product\/yoast-seo-wordpress\/ -->\n<title>Foredrag -<\/title>\n<meta name=\"description\" content=\"Temaer:Hvordan h\u00e5ndtere man livet \u00a0med en kronisk sygdomHvordan h\u00e5ndtere du dit nye liv som p\u00e5r\u00f8rendeParforhold og kronisk sygdom- redskaber, kommunikationsv\u00e6rkt\u00f8jer, intimitet og seksualitetHvordan m\u00f8der vi hinanden i \u00f8jenh\u00f8jde ( kommunikation og redskaber til kommunikation og konflikth\u00e5ndtering)Problematikker i patientforeninger: hvordan skaber man en &quot;VI&quot; f\u00f8lelse for medlemmer og frivilligeHvordan navigere du i offentligt regi med din sagsbehandler, jobcenter og sundshedsv\u00e6snet, hvilke muligheder er der og kender du dine rettigheder\" \/>\n<meta name=\"robots\" content=\"index, follow, max-snippet:-1, max-image-preview:large, max-video-preview:-1\" \/>\n<link rel=\"canonical\" href=\"http:\/\/www.absalonkappel.dk\/?page_id=430\" \/>\n<meta property=\"og:locale\" content=\"da_DK\" \/>\n<meta property=\"og:type\" content=\"article\" \/>\n<meta property=\"og:title\" content=\"Foredrag -\" \/>\n<meta property=\"og:description\" content=\"Temaer:Hvordan h\u00e5ndtere man livet \u00a0med en kronisk sygdomHvordan h\u00e5ndtere du dit nye liv som p\u00e5r\u00f8rendeParforhold og kronisk sygdom- redskaber, kommunikationsv\u00e6rkt\u00f8jer, intimitet og seksualitetHvordan m\u00f8der vi hinanden i \u00f8jenh\u00f8jde ( kommunikation og redskaber til kommunikation og konflikth\u00e5ndtering)Problematikker i patientforeninger: hvordan skaber man en &quot;VI&quot; f\u00f8lelse for medlemmer og frivilligeHvordan navigere du i offentligt regi med din sagsbehandler, jobcenter og sundshedsv\u00e6snet, hvilke muligheder er der og kender du dine rettigheder\" \/>\n<meta property=\"og:url\" content=\"http:\/\/www.absalonkappel.dk\/?page_id=430\" \/>\n<meta property=\"article:modified_time\" content=\"2025-11-17T14:02:03+00:00\" \/>\n<meta name=\"twitter:label1\" content=\"Estimeret l\u00e6setid\" \/>\n\t<meta name=\"twitter:data1\" content=\"1 minut\" \/>\n<script type=\"application\/ld+json\" class=\"yoast-schema-graph\">{\"@context\":\"https:\\\/\\\/schema.org\",\"@graph\":[{\"@type\":\"WebPage\",\"@id\":\"http:\\\/\\\/www.absalonkappel.dk\\\/?page_id=430\",\"url\":\"http:\\\/\\\/www.absalonkappel.dk\\\/?page_id=430\",\"name\":\"Foredrag -\",\"isPartOf\":{\"@id\":\"http:\\\/\\\/www.absalonkappel.dk\\\/#website\"},\"datePublished\":\"2014-03-11T15:39:29+00:00\",\"dateModified\":\"2025-11-17T14:02:03+00:00\",\"description\":\"Temaer:Hvordan h\u00e5ndtere man livet \u00a0med en kronisk sygdomHvordan h\u00e5ndtere du dit nye liv som p\u00e5r\u00f8rendeParforhold og kronisk sygdom- redskaber, kommunikationsv\u00e6rkt\u00f8jer, intimitet og seksualitetHvordan m\u00f8der vi hinanden i \u00f8jenh\u00f8jde ( kommunikation og redskaber til kommunikation og konflikth\u00e5ndtering)Problematikker i patientforeninger: hvordan skaber man en \\\"VI\\\" f\u00f8lelse for medlemmer og frivilligeHvordan navigere du i offentligt regi med din sagsbehandler, jobcenter og sundshedsv\u00e6snet, hvilke muligheder er der og kender du dine rettigheder\",\"breadcrumb\":{\"@id\":\"http:\\\/\\\/www.absalonkappel.dk\\\/?page_id=430#breadcrumb\"},\"inLanguage\":\"da-DK\",\"potentialAction\":[{\"@type\":\"ReadAction\",\"target\":[\"http:\\\/\\\/www.absalonkappel.dk\\\/?page_id=430\"]}]},{\"@type\":\"BreadcrumbList\",\"@id\":\"http:\\\/\\\/www.absalonkappel.dk\\\/?page_id=430#breadcrumb\",\"itemListElement\":[{\"@type\":\"ListItem\",\"position\":1,\"name\":\"Home\",\"item\":\"http:\\\/\\\/www.absalonkappel.dk\\\/\"},{\"@type\":\"ListItem\",\"position\":2,\"name\":\"Foredrag\"}]},{\"@type\":\"WebSite\",\"@id\":\"http:\\\/\\\/www.absalonkappel.dk\\\/#website\",\"url\":\"http:\\\/\\\/www.absalonkappel.dk\\\/\",\"name\":\"http:\\\/\\\/www.absalonkappel.dk\",\"description\":\"\",\"potentialAction\":[{\"@type\":\"SearchAction\",\"target\":{\"@type\":\"EntryPoint\",\"urlTemplate\":\"http:\\\/\\\/www.absalonkappel.dk\\\/?s={search_term_string}\"},\"query-input\":{\"@type\":\"PropertyValueSpecification\",\"valueRequired\":true,\"valueName\":\"search_term_string\"}}],\"inLanguage\":\"da-DK\"}]}<\/script>\n<!-- \/ Yoast SEO plugin. -->","yoast_head_json":{"title":"Foredrag -","description":"Temaer:Hvordan h\u00e5ndtere man livet \u00a0med en kronisk sygdomHvordan h\u00e5ndtere du dit nye liv som p\u00e5r\u00f8rendeParforhold og kronisk sygdom- redskaber, kommunikationsv\u00e6rkt\u00f8jer, intimitet og seksualitetHvordan m\u00f8der vi hinanden i \u00f8jenh\u00f8jde ( kommunikation og redskaber til kommunikation og konflikth\u00e5ndtering)Problematikker i patientforeninger: hvordan skaber man en \"VI\" f\u00f8lelse for medlemmer og frivilligeHvordan navigere du i offentligt regi med din sagsbehandler, jobcenter og sundshedsv\u00e6snet, hvilke muligheder er der og kender du dine rettigheder","robots":{"index":"index","follow":"follow","max-snippet":"max-snippet:-1","max-image-preview":"max-image-preview:large","max-video-preview":"max-video-preview:-1"},"canonical":"http:\/\/www.absalonkappel.dk\/?page_id=430","og_locale":"da_DK","og_type":"article","og_title":"Foredrag -","og_description":"Temaer:Hvordan h\u00e5ndtere man livet \u00a0med en kronisk sygdomHvordan h\u00e5ndtere du dit nye liv som p\u00e5r\u00f8rendeParforhold og kronisk sygdom- redskaber, kommunikationsv\u00e6rkt\u00f8jer, intimitet og seksualitetHvordan m\u00f8der vi hinanden i \u00f8jenh\u00f8jde ( kommunikation og redskaber til kommunikation og konflikth\u00e5ndtering)Problematikker i patientforeninger: hvordan skaber man en \"VI\" f\u00f8lelse for medlemmer og frivilligeHvordan navigere du i offentligt regi med din sagsbehandler, jobcenter og sundshedsv\u00e6snet, hvilke muligheder er der og kender du dine rettigheder","og_url":"http:\/\/www.absalonkappel.dk\/?page_id=430","article_modified_time":"2025-11-17T14:02:03+00:00","twitter_misc":{"Estimeret l\u00e6setid":"1 minut"},"schema":{"@context":"https:\/\/schema.org","@graph":[{"@type":"WebPage","@id":"http:\/\/www.absalonkappel.dk\/?page_id=430","url":"http:\/\/www.absalonkappel.dk\/?page_id=430","name":"Foredrag -","isPartOf":{"@id":"http:\/\/www.absalonkappel.dk\/#website"},"datePublished":"2014-03-11T15:39:29+00:00","dateModified":"2025-11-17T14:02:03+00:00","description":"Temaer:Hvordan h\u00e5ndtere man livet \u00a0med en kronisk sygdomHvordan h\u00e5ndtere du dit nye liv som p\u00e5r\u00f8rendeParforhold og kronisk sygdom- redskaber, kommunikationsv\u00e6rkt\u00f8jer, intimitet og seksualitetHvordan m\u00f8der vi hinanden i \u00f8jenh\u00f8jde ( kommunikation og redskaber til kommunikation og konflikth\u00e5ndtering)Problematikker i patientforeninger: hvordan skaber man en \"VI\" f\u00f8lelse for medlemmer og frivilligeHvordan navigere du i offentligt regi med din sagsbehandler, jobcenter og sundshedsv\u00e6snet, hvilke muligheder er der og kender du dine rettigheder","breadcrumb":{"@id":"http:\/\/www.absalonkappel.dk\/?page_id=430#breadcrumb"},"inLanguage":"da-DK","potentialAction":[{"@type":"ReadAction","target":["http:\/\/www.absalonkappel.dk\/?page_id=430"]}]},{"@type":"BreadcrumbList","@id":"http:\/\/www.absalonkappel.dk\/?page_id=430#breadcrumb","itemListElement":[{"@type":"ListItem","position":1,"name":"Home","item":"http:\/\/www.absalonkappel.dk\/"},{"@type":"ListItem","position":2,"name":"Foredrag"}]},{"@type":"WebSite","@id":"http:\/\/www.absalonkappel.dk\/#website","url":"http:\/\/www.absalonkappel.dk\/","name":"http:\/\/www.absalonkappel.dk","description":"","potentialAction":[{"@type":"SearchAction","target":{"@type":"EntryPoint","urlTemplate":"http:\/\/www.absalonkappel.dk\/?s={search_term_string}"},"query-input":{"@type":"PropertyValueSpecification","valueRequired":true,"valueName":"search_term_string"}}],"inLanguage":"da-DK"}]}},"jetpack_sharing_enabled":true,"jetpack_shortlink":"https:\/\/wp.me\/P2ViD8-6W","_links":{"self":[{"href":"http:\/\/www.absalonkappel.dk\/index.php?rest_route=\/wp\/v2\/pages\/430","targetHints":{"allow":["GET"]}}],"collection":[{"href":"http:\/\/www.absalonkappel.dk\/index.php?rest_route=\/wp\/v2\/pages"}],"about":[{"href":"http:\/\/www.absalonkappel.dk\/index.php?rest_route=\/wp\/v2\/types\/page"}],"author":[{"embeddable":true,"href":"http:\/\/www.absalonkappel.dk\/index.php?rest_route=\/wp\/v2\/users\/1"}],"replies":[{"embeddable":true,"href":"http:\/\/www.absalonkappel.dk\/index.php?rest_route=%2Fwp%2Fv2%2Fcomments&post=430"}],"version-history":[{"count":2,"href":"http:\/\/www.absalonkappel.dk\/index.php?rest_route=\/wp\/v2\/pages\/430\/revisions"}],"predecessor-version":[{"id":467,"href":"http:\/\/www.absalonkappel.dk\/index.php?rest_route=\/wp\/v2\/pages\/430\/revisions\/467"}],"wp:attachment":[{"href":"http:\/\/www.absalonkappel.dk\/index.php?rest_route=%2Fwp%2Fv2%2Fmedia&parent=430"}],"curies":[{"name":"wp","href":"https:\/\/api.w.org\/{rel}","templated":true}]}}