{"id":421,"date":"2014-03-11T15:32:07","date_gmt":"2014-03-11T15:32:07","guid":{"rendered":"http:\/\/www.absalonkappel.dk\/?page_id=421"},"modified":"2025-11-17T13:58:25","modified_gmt":"2025-11-17T13:58:25","slug":"foredrag-oplaeg-workshops-undervisning","status":"publish","type":"page","link":"http:\/\/www.absalonkappel.dk\/?page_id=421","title":{"rendered":"Foredrag, opl\u00e6g, workshops, undervisning."},"content":{"rendered":"<h2>Foredrag, opl\u00e6g, workshops, undervisning.<\/h2>\n<p>Jeg har gennem mine 14 \u00e5r som stifter af en patientforening opbygget en god ballast og viden indenfor kronisk sygdom. Jeg har \u00a0udover mit arbejde i patientforeningen, \u00a0skrevet artikler, deltaget i debatter om kronisk sygdom og sundhedsv\u00e6snet, afholdt foredrag og undervist i sygdomsh\u00e5ndtering. Jeg er ejer og stifter af KAN DU SE MIG-kampagnen, som oplyser og informere om livet med en usynlig kronisk sygdom.<\/p>\n<p><strong>L\u00e6s mere her om hvad jeg kan tilbyde dig, din skole, dit uddannelsessted eller din virksomhed\u00a0<\/strong><\/p>\n<p><em><strong>Foredrag<\/strong><\/em>:<\/p>\n<p>Foredrag for fagpersonale, patienter, p\u00e5r\u00f8rende, arbejdsgivere, kollegaer, klasse og studiekammerater<\/p>\n<p><em><strong>Temaer:<\/strong><\/em><\/p>\n<p>Hvordan lever man med kronisk sygdom<\/p>\n<p>Hvordan h\u00e5ndtere du dit nye liv som p\u00e5r\u00f8rende<\/p>\n<p>Parforhold og kronisk sygdom- redskaber, kommunikationsv\u00e6rkt\u00f8jer, intimitet og seksualitet<\/p>\n<p>Hvordan m\u00f8der vi hinanden i \u00f8jenh\u00f8jde ( kommunikation og redskaber til kommunikation og konflikth\u00e5ndtering)<\/p>\n<p>Problematikker i patientforeninger: hvordan skaber man en &#8220;VI&#8221; f\u00f8lelse for medlemmer og frivillige<\/p>\n<p>Hvordan navigere du i offentligt regi med din sagsbehandler, jobcenter og sundshedsv\u00e6snet, hvilke muligheder er der og kender du dine rettigheder<\/p>\n<p><em>Tidligere foredrag:<\/em><\/p>\n<p><em>Patientforeningen for Hypermobile<\/em><\/p>\n<p><em>R\u00e6kv\u00e6rk (SUMH) om uddannelse og kronisk sygdom<\/em><\/p>\n<p><em>ME Foreningen<\/em><\/p>\n<p style=\"font-weight: 400;\">SOPU K\u00f8benhavn og Nordsj\u00e6lland<\/p>\n<p>Medier:<\/p>\n<p>Deltagelse i Iben og m\u00f8dregruppen: debatprogrammer<\/p>\n<p>Deltagelse i TV2\u00a0 Godmorgen DK om morfin og kroniske smerter<\/p>\n<p>P1 om opstart af patientforeningen<\/p>\n<p>Magasiner og Aviser:<\/p>\n<p>Politiken<\/p>\n<p>Helse<\/p>\n<p>Ledsager<\/p>\n<p>Information<\/p>\n<p><em>\u00a0<\/em><\/p>\n<p><span style=\"line-height: 1.5;\">\u00a0<\/span><\/p>\n","protected":false},"excerpt":{"rendered":"<p>Foredrag, opl\u00e6g, workshops, undervisning. Jeg har gennem mine 14 \u00e5r som stifter af en patientforening opbygget en god ballast og viden indenfor kronisk sygdom. Jeg har \u00a0udover mit arbejde i patientforeningen, \u00a0skrevet artikler, deltaget i debatter om kronisk sygdom og sundhedsv\u00e6snet, afholdt foredrag og undervist i sygdomsh\u00e5ndtering. Jeg er ejer og stifter af KAN DU &hellip; <\/p>\n<p class=\"link-more\"><a href=\"http:\/\/www.absalonkappel.dk\/?page_id=421\" class=\"more-link\">L\u00e6s videre<span class=\"screen-reader-text\"> &#8220;Foredrag, opl\u00e6g, workshops, undervisning.&#8221;<\/span><\/a><\/p>\n","protected":false},"author":1,"featured_media":0,"parent":0,"menu_order":0,"comment_status":"closed","ping_status":"closed","template":"","meta":{"jetpack_post_was_ever_published":false,"footnotes":""},"class_list":["post-421","page","type-page","status-publish","hentry"],"aioseo_notices":[],"yoast_head":"<!-- This site is optimized with the Yoast SEO plugin v27.3 - https:\/\/yoast.com\/product\/yoast-seo-wordpress\/ -->\n<title>Foredrag, opl\u00e6g, workshops, undervisning. -<\/title>\n<meta name=\"description\" content=\"Foredrag for fagpersonale, patienter, p\u00e5r\u00f8rende, arbejdsgivere, kollegaer, klasse og studiekammeraterTemaer:Hvordan lever man med kronisk sygdomHvordan h\u00e5ndtere du dit nye liv som p\u00e5r\u00f8rendeParforhold og kronisk sygdom- redskaber, kommunikationsv\u00e6rkt\u00f8jer, intimitet og seksualitetHvordan m\u00f8der vi hinanden i \u00f8jenh\u00f8jde ( kommunikation og redskaber til kommunikation og konflikth\u00e5ndtering)Problematikker i patientforeninger: hvordan skaber man en &quot;VI&quot; f\u00f8lelse for medlemmer og frivilligeHvordan navigere du i offentligt regi med din sagsbehandler, jobcenter og sundshedsv\u00e6snet, hvilke muligheder er der og kender du dine rettigheder\" \/>\n<meta name=\"robots\" content=\"index, follow, max-snippet:-1, max-image-preview:large, max-video-preview:-1\" \/>\n<link rel=\"canonical\" href=\"http:\/\/www.absalonkappel.dk\/?page_id=421\" \/>\n<meta property=\"og:locale\" content=\"da_DK\" \/>\n<meta property=\"og:type\" content=\"article\" \/>\n<meta property=\"og:title\" content=\"Foredrag, opl\u00e6g, workshops, undervisning. -\" \/>\n<meta property=\"og:description\" content=\"Foredrag for fagpersonale, patienter, p\u00e5r\u00f8rende, arbejdsgivere, kollegaer, klasse og studiekammeraterTemaer:Hvordan lever man med kronisk sygdomHvordan h\u00e5ndtere du dit nye liv som p\u00e5r\u00f8rendeParforhold og kronisk sygdom- redskaber, kommunikationsv\u00e6rkt\u00f8jer, intimitet og seksualitetHvordan m\u00f8der vi hinanden i \u00f8jenh\u00f8jde ( kommunikation og redskaber til kommunikation og konflikth\u00e5ndtering)Problematikker i patientforeninger: hvordan skaber man en &quot;VI&quot; f\u00f8lelse for medlemmer og frivilligeHvordan navigere du i offentligt regi med din sagsbehandler, jobcenter og sundshedsv\u00e6snet, hvilke muligheder er der og kender du dine rettigheder\" \/>\n<meta property=\"og:url\" content=\"http:\/\/www.absalonkappel.dk\/?page_id=421\" \/>\n<meta property=\"article:modified_time\" content=\"2025-11-17T13:58:25+00:00\" \/>\n<meta name=\"twitter:label1\" content=\"Estimeret l\u00e6setid\" \/>\n\t<meta name=\"twitter:data1\" content=\"2 minutter\" \/>\n<script type=\"application\/ld+json\" class=\"yoast-schema-graph\">{\"@context\":\"https:\\\/\\\/schema.org\",\"@graph\":[{\"@type\":\"WebPage\",\"@id\":\"http:\\\/\\\/www.absalonkappel.dk\\\/?page_id=421\",\"url\":\"http:\\\/\\\/www.absalonkappel.dk\\\/?page_id=421\",\"name\":\"Foredrag, opl\u00e6g, workshops, undervisning. -\",\"isPartOf\":{\"@id\":\"http:\\\/\\\/www.absalonkappel.dk\\\/#website\"},\"datePublished\":\"2014-03-11T15:32:07+00:00\",\"dateModified\":\"2025-11-17T13:58:25+00:00\",\"description\":\"Foredrag for fagpersonale, patienter, p\u00e5r\u00f8rende, arbejdsgivere, kollegaer, klasse og studiekammeraterTemaer:Hvordan lever man med kronisk sygdomHvordan h\u00e5ndtere du dit nye liv som p\u00e5r\u00f8rendeParforhold og kronisk sygdom- redskaber, kommunikationsv\u00e6rkt\u00f8jer, intimitet og seksualitetHvordan m\u00f8der vi hinanden i \u00f8jenh\u00f8jde ( kommunikation og redskaber til kommunikation og konflikth\u00e5ndtering)Problematikker i patientforeninger: hvordan skaber man en \\\"VI\\\" f\u00f8lelse for medlemmer og frivilligeHvordan navigere du i offentligt regi med din sagsbehandler, jobcenter og sundshedsv\u00e6snet, hvilke muligheder er der og kender du dine rettigheder\",\"breadcrumb\":{\"@id\":\"http:\\\/\\\/www.absalonkappel.dk\\\/?page_id=421#breadcrumb\"},\"inLanguage\":\"da-DK\",\"potentialAction\":[{\"@type\":\"ReadAction\",\"target\":[\"http:\\\/\\\/www.absalonkappel.dk\\\/?page_id=421\"]}]},{\"@type\":\"BreadcrumbList\",\"@id\":\"http:\\\/\\\/www.absalonkappel.dk\\\/?page_id=421#breadcrumb\",\"itemListElement\":[{\"@type\":\"ListItem\",\"position\":1,\"name\":\"Home\",\"item\":\"http:\\\/\\\/www.absalonkappel.dk\\\/\"},{\"@type\":\"ListItem\",\"position\":2,\"name\":\"Foredrag, opl\u00e6g, workshops, undervisning.\"}]},{\"@type\":\"WebSite\",\"@id\":\"http:\\\/\\\/www.absalonkappel.dk\\\/#website\",\"url\":\"http:\\\/\\\/www.absalonkappel.dk\\\/\",\"name\":\"http:\\\/\\\/www.absalonkappel.dk\",\"description\":\"\",\"potentialAction\":[{\"@type\":\"SearchAction\",\"target\":{\"@type\":\"EntryPoint\",\"urlTemplate\":\"http:\\\/\\\/www.absalonkappel.dk\\\/?s={search_term_string}\"},\"query-input\":{\"@type\":\"PropertyValueSpecification\",\"valueRequired\":true,\"valueName\":\"search_term_string\"}}],\"inLanguage\":\"da-DK\"}]}<\/script>\n<!-- \/ Yoast SEO plugin. -->","yoast_head_json":{"title":"Foredrag, opl\u00e6g, workshops, undervisning. -","description":"Foredrag for fagpersonale, patienter, p\u00e5r\u00f8rende, arbejdsgivere, kollegaer, klasse og studiekammeraterTemaer:Hvordan lever man med kronisk sygdomHvordan h\u00e5ndtere du dit nye liv som p\u00e5r\u00f8rendeParforhold og kronisk sygdom- redskaber, kommunikationsv\u00e6rkt\u00f8jer, intimitet og seksualitetHvordan m\u00f8der vi hinanden i \u00f8jenh\u00f8jde ( kommunikation og redskaber til kommunikation og konflikth\u00e5ndtering)Problematikker i patientforeninger: hvordan skaber man en \"VI\" f\u00f8lelse for medlemmer og frivilligeHvordan navigere du i offentligt regi med din sagsbehandler, jobcenter og sundshedsv\u00e6snet, hvilke muligheder er der og kender du dine rettigheder","robots":{"index":"index","follow":"follow","max-snippet":"max-snippet:-1","max-image-preview":"max-image-preview:large","max-video-preview":"max-video-preview:-1"},"canonical":"http:\/\/www.absalonkappel.dk\/?page_id=421","og_locale":"da_DK","og_type":"article","og_title":"Foredrag, opl\u00e6g, workshops, undervisning. -","og_description":"Foredrag for fagpersonale, patienter, p\u00e5r\u00f8rende, arbejdsgivere, kollegaer, klasse og studiekammeraterTemaer:Hvordan lever man med kronisk sygdomHvordan h\u00e5ndtere du dit nye liv som p\u00e5r\u00f8rendeParforhold og kronisk sygdom- redskaber, kommunikationsv\u00e6rkt\u00f8jer, intimitet og seksualitetHvordan m\u00f8der vi hinanden i \u00f8jenh\u00f8jde ( kommunikation og redskaber til kommunikation og konflikth\u00e5ndtering)Problematikker i patientforeninger: hvordan skaber man en \"VI\" f\u00f8lelse for medlemmer og frivilligeHvordan navigere du i offentligt regi med din sagsbehandler, jobcenter og sundshedsv\u00e6snet, hvilke muligheder er der og kender du dine rettigheder","og_url":"http:\/\/www.absalonkappel.dk\/?page_id=421","article_modified_time":"2025-11-17T13:58:25+00:00","twitter_misc":{"Estimeret l\u00e6setid":"2 minutter"},"schema":{"@context":"https:\/\/schema.org","@graph":[{"@type":"WebPage","@id":"http:\/\/www.absalonkappel.dk\/?page_id=421","url":"http:\/\/www.absalonkappel.dk\/?page_id=421","name":"Foredrag, opl\u00e6g, workshops, undervisning. -","isPartOf":{"@id":"http:\/\/www.absalonkappel.dk\/#website"},"datePublished":"2014-03-11T15:32:07+00:00","dateModified":"2025-11-17T13:58:25+00:00","description":"Foredrag for fagpersonale, patienter, p\u00e5r\u00f8rende, arbejdsgivere, kollegaer, klasse og studiekammeraterTemaer:Hvordan lever man med kronisk sygdomHvordan h\u00e5ndtere du dit nye liv som p\u00e5r\u00f8rendeParforhold og kronisk sygdom- redskaber, kommunikationsv\u00e6rkt\u00f8jer, intimitet og seksualitetHvordan m\u00f8der vi hinanden i \u00f8jenh\u00f8jde ( kommunikation og redskaber til kommunikation og konflikth\u00e5ndtering)Problematikker i patientforeninger: hvordan skaber man en \"VI\" f\u00f8lelse for medlemmer og frivilligeHvordan navigere du i offentligt regi med din sagsbehandler, jobcenter og sundshedsv\u00e6snet, hvilke muligheder er der og kender du dine rettigheder","breadcrumb":{"@id":"http:\/\/www.absalonkappel.dk\/?page_id=421#breadcrumb"},"inLanguage":"da-DK","potentialAction":[{"@type":"ReadAction","target":["http:\/\/www.absalonkappel.dk\/?page_id=421"]}]},{"@type":"BreadcrumbList","@id":"http:\/\/www.absalonkappel.dk\/?page_id=421#breadcrumb","itemListElement":[{"@type":"ListItem","position":1,"name":"Home","item":"http:\/\/www.absalonkappel.dk\/"},{"@type":"ListItem","position":2,"name":"Foredrag, opl\u00e6g, workshops, undervisning."}]},{"@type":"WebSite","@id":"http:\/\/www.absalonkappel.dk\/#website","url":"http:\/\/www.absalonkappel.dk\/","name":"http:\/\/www.absalonkappel.dk","description":"","potentialAction":[{"@type":"SearchAction","target":{"@type":"EntryPoint","urlTemplate":"http:\/\/www.absalonkappel.dk\/?s={search_term_string}"},"query-input":{"@type":"PropertyValueSpecification","valueRequired":true,"valueName":"search_term_string"}}],"inLanguage":"da-DK"}]}},"jetpack_sharing_enabled":true,"jetpack_shortlink":"https:\/\/wp.me\/P2ViD8-6N","_links":{"self":[{"href":"http:\/\/www.absalonkappel.dk\/index.php?rest_route=\/wp\/v2\/pages\/421","targetHints":{"allow":["GET"]}}],"collection":[{"href":"http:\/\/www.absalonkappel.dk\/index.php?rest_route=\/wp\/v2\/pages"}],"about":[{"href":"http:\/\/www.absalonkappel.dk\/index.php?rest_route=\/wp\/v2\/types\/page"}],"author":[{"embeddable":true,"href":"http:\/\/www.absalonkappel.dk\/index.php?rest_route=\/wp\/v2\/users\/1"}],"replies":[{"embeddable":true,"href":"http:\/\/www.absalonkappel.dk\/index.php?rest_route=%2Fwp%2Fv2%2Fcomments&post=421"}],"version-history":[{"count":6,"href":"http:\/\/www.absalonkappel.dk\/index.php?rest_route=\/wp\/v2\/pages\/421\/revisions"}],"predecessor-version":[{"id":827,"href":"http:\/\/www.absalonkappel.dk\/index.php?rest_route=\/wp\/v2\/pages\/421\/revisions\/827"}],"wp:attachment":[{"href":"http:\/\/www.absalonkappel.dk\/index.php?rest_route=%2Fwp%2Fv2%2Fmedia&parent=421"}],"curies":[{"name":"wp","href":"https:\/\/api.w.org\/{rel}","templated":true}]}}